{"id":905,"date":"2023-06-22T09:46:11","date_gmt":"2023-06-22T09:46:11","guid":{"rendered":"https:\/\/inteacosmetics.com\/?page_id=905"},"modified":"2023-06-22T09:51:45","modified_gmt":"2023-06-22T09:51:45","slug":"politica-de-qualidade","status":"publish","type":"page","link":"https:\/\/inteacosmetics.com\/pt_pt\/politica-de-qualidade\/","title":{"rendered":"Pol\u00edtica de qualidade"},"content":{"rendered":"<p><strong>DUARTE Y BELTR\u00c1N, S.A.<\/strong>\u00a0\u00e9 uma empresa familiar fundada em 1979, continuadora da empresa individual INTEA P. BELTR\u00c1N que, desde 1915, se especializou na cria\u00e7\u00e3o e desenvolvimento de produtos cosm\u00e9ticos elaborados com componentes naturais de alta qualidade, sendo atualmente propriet\u00e1ria da marca INTEA<sup>\u00ae<\/sup>.<\/p>\n\n\n\n<div style=\"height:25px\" aria-hidden=\"true\" class=\"wp-block-spacer\"><\/div>\n\n\n\n<p>A nossa empresa caracteriza-se por uma procura constante de melhoria do produto que oferecemos aos nossos clientes. Por este motivo, o ponto de vista dos nossos clientes e consumidores finais deve ser conhecido em toda a empresa e deve ser medido para podermos avaliar o seu grau de satisfa\u00e7\u00e3o.<\/p>\n\n\n\n<div style=\"height:25px\" aria-hidden=\"true\" class=\"wp-block-spacer\"><\/div>\n\n\n\n<p><\/p>\n\n\n\n<p>A competitividade da\u00a0<strong>DUARTE Y BELTR\u00c1N, S.A.<\/strong>\u00a0\u00e9 absolutamente necess\u00e1rio para a nossa perman\u00eancia no mercado e, por isso, o Sistema de Gest\u00e3o da Qualidade implementado, de acordo com a norma UNE EN ISO 9001:2015, deve ter como objetivo alcan\u00e7ar a satisfa\u00e7\u00e3o dos clientes, consumidores finais e funcion\u00e1rios. Ao mesmo tempo, deve permitir a otimiza\u00e7\u00e3o global dos recursos da empresa, cumprindo todos os requisitos determinados pelo cliente, estabelecendo pre\u00e7os competitivos, fornecendo um produto \u00f3timo e cumprindo fielmente os prazos de entrega.<\/p>\n\n\n\n<div style=\"height:25px\" aria-hidden=\"true\" class=\"wp-block-spacer\"><\/div>\n\n\n\n<p><\/p>\n\n\n\n<p><strong>DUARTE Y BELTR\u00c1N, S.A.<\/strong>\u00a0est\u00e1 empenhada no caminho da melhoria cont\u00ednua, integrando o ciclo de Planeamento, Execu\u00e7\u00e3o, Verifica\u00e7\u00e3o e An\u00e1lise no Sistema de Gest\u00e3o da Qualidade, a fim de fazer as coisas bem, \u00e0 primeira e com a qualidade certa.<\/p>\n\n\n\n<div style=\"height:25px\" aria-hidden=\"true\" class=\"wp-block-spacer\"><\/div>\n\n\n\n<p><\/p>\n\n\n\n<p>A qualidade \u00e9 fabricada em todos os postos de trabalho da empresa, desde o pessoal de vendas que recolhe as necessidades do Cliente, at\u00e9 ao pessoal que processa, prepara e expede as encomendas, o que significa que a colabora\u00e7\u00e3o e o empenho de todos os membros da empresa s\u00e3o necess\u00e1rios para satisfazer esta Pol\u00edtica de Qualidade.<\/p>\n\n\n\n<div style=\"height:25px\" aria-hidden=\"true\" class=\"wp-block-spacer\"><\/div>\n\n\n\n<p><\/p>\n\n\n\n<p>A tarefa de melhorar a qualidade \u00e9, antes de mais, uma responsabilidade da dire\u00e7\u00e3o e, por conseguinte, a dire\u00e7\u00e3o est\u00e1 empenhada em faz\u00ea-lo:<\/p>\n\n\n\n<p>- Estabelecer anualmente objectivos quantific\u00e1veis decorrentes da presente pol\u00edtica de qualidade.<\/p>\n\n\n\n<p>- Disponibilizar os recursos humanos, t\u00e9cnicos e materiais necess\u00e1rios, bem como a forma\u00e7\u00e3o adequada para que o pessoal possa desempenhar as suas fun\u00e7\u00f5es com os n\u00edveis de qualidade exigidos.<\/p>\n\n\n\n<p>- Assegurar a implementa\u00e7\u00e3o, o cumprimento e a efic\u00e1cia desta Pol\u00edtica, dando-a a conhecer a todos os membros da empresa, bem como aos seus fornecedores, colaboradores e p\u00fablico em geral, assegurando a sua compreens\u00e3o e revendo-a anualmente para verificar a sua adequa\u00e7\u00e3o ao objeto da nossa empresa.<\/p>\n\n\n\n<div style=\"height:25px\" aria-hidden=\"true\" class=\"wp-block-spacer\"><\/div>\n\n\n\n<div style=\"height:73px\" aria-hidden=\"true\" class=\"wp-block-spacer\"><\/div>\n\n\n\n<p class=\"has-text-align-right\"><strong>Jos\u00e9 Ignacio Beltr\u00e1n Pi\u00f1eiro<\/strong><\/p>\n\n\n\n<p class=\"has-text-align-right\">Diretor Geral<\/p>\n\n\n\n<p class=\"has-text-align-right\">Em Santander, 11 de setembro de 2007<\/p>","protected":false},"excerpt":{"rendered":"<p>DUARTE Y BELTR\u00c1N, S.A. \u00e9 uma empresa familiar fundada em 1979, continua\u00e7\u00e3o da empresa individual INTEA P. BELTR\u00c1N que, desde 1915, se especializou na cria\u00e7\u00e3o e desenvolvimento de produtos cosm\u00e9ticos elaborados com componentes naturais de alta qualidade, sendo atualmente propriet\u00e1ria das marcas e patentes INTEA\u00ae. A nossa empresa caracteriza-se por uma procura constante da melhoria do produto que oferecemos aos nossos clientes. Por isso, o ponto de vista dos nossos clientes e consumidores finais deve ser conhecido em toda a empresa e deve ser medido para podermos avaliar o seu grau de satisfa\u00e7\u00e3o. A competitividade da DUARTE Y<\/p>","protected":false},"author":1,"featured_media":0,"parent":0,"menu_order":0,"comment_status":"closed","ping_status":"closed","template":"","meta":{"footnotes":""},"class_list":["post-905","page","type-page","status-publish","hentry"],"yoast_head":"<!-- This site is optimized with the Yoast SEO plugin v27.4 - https:\/\/yoast.com\/product\/yoast-seo-wordpress\/ -->\n<title>Pol\u00edtica de calidad - inteacosmetics<\/title>\n<meta name=\"robots\" content=\"index, follow, max-snippet:-1, max-image-preview:large, max-video-preview:-1\" \/>\n<link rel=\"canonical\" href=\"https:\/\/inteacosmetics.com\/pt_pt\/politica-de-qualidade\/\" \/>\n<meta property=\"og:locale\" content=\"pt_PT\" \/>\n<meta property=\"og:type\" content=\"article\" \/>\n<meta property=\"og:title\" content=\"Pol\u00edtica de calidad - inteacosmetics\" \/>\n<meta property=\"og:description\" content=\"DUARTE Y BELTR\u00c1N, S.A.\u00a0es una compa\u00f1\u00eda familiar fundada en el a\u00f1o 1.979, continuadora de la empresa individual INTEA P. BELTR\u00c1N que, desde 1.915, se ha especializado en la creaci\u00f3n y desarrollo de productos cosm\u00e9ticos elaborados con componentes naturales de alta calidad, siendo actualmente propietaria de las marcas y patentes INTEA\u00ae. Nuestra empresa se caracteriza por una constante b\u00fasqueda de la mejora del producto que ofrecemos a nuestros clientes. Por ello, el punto de vista de nuestros clientes y consumidores finales debe conocerse en toda la empresa y debe medirse para poder evaluar su grado de satisfacci\u00f3n. La competitividad de\u00a0DUARTE Y\" \/>\n<meta property=\"og:url\" content=\"https:\/\/inteacosmetics.com\/pt_pt\/politica-de-qualidade\/\" \/>\n<meta property=\"og:site_name\" content=\"inteacosmetics\" \/>\n<meta property=\"article:publisher\" content=\"https:\/\/inteacosmetics.com\/facebook.com\/inteacosmetics\" \/>\n<meta property=\"article:modified_time\" content=\"2023-06-22T09:51:45+00:00\" \/>\n<meta property=\"og:image\" content=\"https:\/\/inteacosmetics.com\/wp-content\/uploads\/2022\/12\/cropped-logo_intea500x500.jpg\" \/>\n\t<meta property=\"og:image:width\" content=\"500\" \/>\n\t<meta property=\"og:image:height\" content=\"500\" \/>\n\t<meta property=\"og:image:type\" content=\"image\/jpeg\" \/>\n<meta name=\"twitter:card\" content=\"summary_large_image\" \/>\n<meta name=\"twitter:site\" content=\"@InteaCosmetics\" \/>\n<meta name=\"twitter:label1\" content=\"Tempo estimado de leitura\" \/>\n\t<meta name=\"twitter:data1\" content=\"2 minutos\" \/>\n<script type=\"application\/ld+json\" class=\"yoast-schema-graph\">{\"@context\":\"https:\\\/\\\/schema.org\",\"@graph\":[{\"@type\":\"WebPage\",\"@id\":\"https:\\\/\\\/inteacosmetics.com\\\/politica-de-calidad\\\/\",\"url\":\"https:\\\/\\\/inteacosmetics.com\\\/politica-de-calidad\\\/\",\"name\":\"Pol\u00edtica de calidad - inteacosmetics\",\"isPartOf\":{\"@id\":\"https:\\\/\\\/inteacosmetics.com\\\/#website\"},\"datePublished\":\"2023-06-22T09:46:11+00:00\",\"dateModified\":\"2023-06-22T09:51:45+00:00\",\"breadcrumb\":{\"@id\":\"https:\\\/\\\/inteacosmetics.com\\\/politica-de-calidad\\\/#breadcrumb\"},\"inLanguage\":\"pt-PT\",\"potentialAction\":[{\"@type\":\"ReadAction\",\"target\":[\"https:\\\/\\\/inteacosmetics.com\\\/politica-de-calidad\\\/\"]}]},{\"@type\":\"BreadcrumbList\",\"@id\":\"https:\\\/\\\/inteacosmetics.com\\\/politica-de-calidad\\\/#breadcrumb\",\"itemListElement\":[{\"@type\":\"ListItem\",\"position\":1,\"name\":\"Portada\",\"item\":\"https:\\\/\\\/inteacosmetics.com\\\/\"},{\"@type\":\"ListItem\",\"position\":2,\"name\":\"Pol\u00edtica de calidad\"}]},{\"@type\":\"WebSite\",\"@id\":\"https:\\\/\\\/inteacosmetics.com\\\/#website\",\"url\":\"https:\\\/\\\/inteacosmetics.com\\\/\",\"name\":\"inteacosmetics\",\"description\":\"\",\"publisher\":{\"@id\":\"https:\\\/\\\/inteacosmetics.com\\\/#organization\"},\"potentialAction\":[{\"@type\":\"SearchAction\",\"target\":{\"@type\":\"EntryPoint\",\"urlTemplate\":\"https:\\\/\\\/inteacosmetics.com\\\/?s={search_term_string}\"},\"query-input\":{\"@type\":\"PropertyValueSpecification\",\"valueRequired\":true,\"valueName\":\"search_term_string\"}}],\"inLanguage\":\"pt-PT\"},{\"@type\":\"Organization\",\"@id\":\"https:\\\/\\\/inteacosmetics.com\\\/#organization\",\"name\":\"inteacosmetics\",\"url\":\"https:\\\/\\\/inteacosmetics.com\\\/\",\"logo\":{\"@type\":\"ImageObject\",\"inLanguage\":\"pt-PT\",\"@id\":\"https:\\\/\\\/inteacosmetics.com\\\/#\\\/schema\\\/logo\\\/image\\\/\",\"url\":\"https:\\\/\\\/inteacosmetics.com\\\/wp-content\\\/uploads\\\/2022\\\/12\\\/cropped-logo_intea500x500.jpg\",\"contentUrl\":\"https:\\\/\\\/inteacosmetics.com\\\/wp-content\\\/uploads\\\/2022\\\/12\\\/cropped-logo_intea500x500.jpg\",\"width\":500,\"height\":500,\"caption\":\"inteacosmetics\"},\"image\":{\"@id\":\"https:\\\/\\\/inteacosmetics.com\\\/#\\\/schema\\\/logo\\\/image\\\/\"},\"sameAs\":[\"https:\\\/\\\/inteacosmetics.com\\\/facebook.com\\\/inteacosmetics\",\"https:\\\/\\\/x.com\\\/InteaCosmetics\",\"https:\\\/\\\/instagram.com\\\/intea_spain\"]}]}<\/script>\n<!-- \/ Yoast SEO plugin. -->","yoast_head_json":{"title":"Pol\u00edtica de qualidade - inteacosmetics","robots":{"index":"index","follow":"follow","max-snippet":"max-snippet:-1","max-image-preview":"max-image-preview:large","max-video-preview":"max-video-preview:-1"},"canonical":"https:\/\/inteacosmetics.com\/pt_pt\/politica-de-qualidade\/","og_locale":"pt_PT","og_type":"article","og_title":"Pol\u00edtica de calidad - inteacosmetics","og_description":"DUARTE Y BELTR\u00c1N, S.A.\u00a0es una compa\u00f1\u00eda familiar fundada en el a\u00f1o 1.979, continuadora de la empresa individual INTEA P. BELTR\u00c1N que, desde 1.915, se ha especializado en la creaci\u00f3n y desarrollo de productos cosm\u00e9ticos elaborados con componentes naturales de alta calidad, siendo actualmente propietaria de las marcas y patentes INTEA\u00ae. Nuestra empresa se caracteriza por una constante b\u00fasqueda de la mejora del producto que ofrecemos a nuestros clientes. Por ello, el punto de vista de nuestros clientes y consumidores finales debe conocerse en toda la empresa y debe medirse para poder evaluar su grado de satisfacci\u00f3n. La competitividad de\u00a0DUARTE Y","og_url":"https:\/\/inteacosmetics.com\/pt_pt\/politica-de-qualidade\/","og_site_name":"inteacosmetics","article_publisher":"https:\/\/inteacosmetics.com\/facebook.com\/inteacosmetics","article_modified_time":"2023-06-22T09:51:45+00:00","og_image":[{"width":500,"height":500,"url":"https:\/\/inteacosmetics.com\/wp-content\/uploads\/2022\/12\/cropped-logo_intea500x500.jpg","type":"image\/jpeg"}],"twitter_card":"summary_large_image","twitter_site":"@InteaCosmetics","twitter_misc":{"Tempo estimado de leitura":"2 minutos"},"schema":{"@context":"https:\/\/schema.org","@graph":[{"@type":"WebPage","@id":"https:\/\/inteacosmetics.com\/politica-de-calidad\/","url":"https:\/\/inteacosmetics.com\/politica-de-calidad\/","name":"Pol\u00edtica de qualidade - inteacosmetics","isPartOf":{"@id":"https:\/\/inteacosmetics.com\/#website"},"datePublished":"2023-06-22T09:46:11+00:00","dateModified":"2023-06-22T09:51:45+00:00","breadcrumb":{"@id":"https:\/\/inteacosmetics.com\/politica-de-calidad\/#breadcrumb"},"inLanguage":"pt-PT","potentialAction":[{"@type":"ReadAction","target":["https:\/\/inteacosmetics.com\/politica-de-calidad\/"]}]},{"@type":"BreadcrumbList","@id":"https:\/\/inteacosmetics.com\/politica-de-calidad\/#breadcrumb","itemListElement":[{"@type":"ListItem","position":1,"name":"Portada","item":"https:\/\/inteacosmetics.com\/"},{"@type":"ListItem","position":2,"name":"Pol\u00edtica de calidad"}]},{"@type":"WebSite","@id":"https:\/\/inteacosmetics.com\/#website","url":"https:\/\/inteacosmetics.com\/","name":"inteacosm\u00e9ticos","description":"","publisher":{"@id":"https:\/\/inteacosmetics.com\/#organization"},"potentialAction":[{"@type":"SearchAction","target":{"@type":"EntryPoint","urlTemplate":"https:\/\/inteacosmetics.com\/?s={search_term_string}"},"query-input":{"@type":"PropertyValueSpecification","valueRequired":true,"valueName":"search_term_string"}}],"inLanguage":"pt-PT"},{"@type":"Organization","@id":"https:\/\/inteacosmetics.com\/#organization","name":"inteacosm\u00e9ticos","url":"https:\/\/inteacosmetics.com\/","logo":{"@type":"ImageObject","inLanguage":"pt-PT","@id":"https:\/\/inteacosmetics.com\/#\/schema\/logo\/image\/","url":"https:\/\/inteacosmetics.com\/wp-content\/uploads\/2022\/12\/cropped-logo_intea500x500.jpg","contentUrl":"https:\/\/inteacosmetics.com\/wp-content\/uploads\/2022\/12\/cropped-logo_intea500x500.jpg","width":500,"height":500,"caption":"inteacosmetics"},"image":{"@id":"https:\/\/inteacosmetics.com\/#\/schema\/logo\/image\/"},"sameAs":["https:\/\/inteacosmetics.com\/facebook.com\/inteacosmetics","https:\/\/x.com\/InteaCosmetics","https:\/\/instagram.com\/intea_spain"]}]}},"_links":{"self":[{"href":"https:\/\/inteacosmetics.com\/pt_pt\/wp-json\/wp\/v2\/pages\/905","targetHints":{"allow":["GET"]}}],"collection":[{"href":"https:\/\/inteacosmetics.com\/pt_pt\/wp-json\/wp\/v2\/pages"}],"about":[{"href":"https:\/\/inteacosmetics.com\/pt_pt\/wp-json\/wp\/v2\/types\/page"}],"author":[{"embeddable":true,"href":"https:\/\/inteacosmetics.com\/pt_pt\/wp-json\/wp\/v2\/users\/1"}],"replies":[{"embeddable":true,"href":"https:\/\/inteacosmetics.com\/pt_pt\/wp-json\/wp\/v2\/comments?post=905"}],"version-history":[{"count":5,"href":"https:\/\/inteacosmetics.com\/pt_pt\/wp-json\/wp\/v2\/pages\/905\/revisions"}],"predecessor-version":[{"id":914,"href":"https:\/\/inteacosmetics.com\/pt_pt\/wp-json\/wp\/v2\/pages\/905\/revisions\/914"}],"wp:attachment":[{"href":"https:\/\/inteacosmetics.com\/pt_pt\/wp-json\/wp\/v2\/media?parent=905"}],"curies":[{"name":"wp","href":"https:\/\/api.w.org\/{rel}","templated":true}]}}