{"id":284,"date":"2023-01-26T12:36:50","date_gmt":"2023-01-26T12:36:50","guid":{"rendered":"https:\/\/inteacosmetics.com\/puntos-de-venta-de-productos-intea-2\/"},"modified":"2023-09-13T12:27:59","modified_gmt":"2023-09-13T12:27:59","slug":"pontos-de-venda","status":"publish","type":"page","link":"https:\/\/inteacosmetics.com\/pt_pt\/pontos-de-venda\/","title":{"rendered":"Pontos de venda de produtos da INTEA"},"content":{"rendered":"<figure class=\"wp-block-image size-large is-resized\"><img decoding=\"async\" src=\"https:\/\/inteacosmetics.com\/wp-content\/uploads\/2023\/05\/Captura-sin-titulo0498-683x1024.jpg\" alt=\"\" class=\"wp-image-676\" width=\"558\" height=\"837\" srcset=\"https:\/\/inteacosmetics.com\/wp-content\/uploads\/2023\/05\/Captura-sin-titulo0498-683x1024.jpg 683w, https:\/\/inteacosmetics.com\/wp-content\/uploads\/2023\/05\/Captura-sin-titulo0498-200x300.jpg 200w, https:\/\/inteacosmetics.com\/wp-content\/uploads\/2023\/05\/Captura-sin-titulo0498-768x1152.jpg 768w, https:\/\/inteacosmetics.com\/wp-content\/uploads\/2023\/05\/Captura-sin-titulo0498-1024x1536.jpg 1024w, https:\/\/inteacosmetics.com\/wp-content\/uploads\/2023\/05\/Captura-sin-titulo0498-1365x2048.jpg 1365w, https:\/\/inteacosmetics.com\/wp-content\/uploads\/2023\/05\/Captura-sin-titulo0498-8x12.jpg 8w, https:\/\/inteacosmetics.com\/wp-content\/uploads\/2023\/05\/Captura-sin-titulo0498-scaled.jpg 1707w\" sizes=\"(max-width: 558px) 100vw, 558px\" \/><\/figure>\n\n\n\n<div style=\"height:50px\" aria-hidden=\"true\" class=\"wp-block-spacer\"><\/div>\n\n\n\n<h2 class=\"wp-block-heading\">Lojas f\u00edsicas em Espanha<\/h2>\n\n\n\n<div style=\"height:50px\" aria-hidden=\"true\" class=\"wp-block-spacer\"><\/div>\n\n\n\n<p><\/p>\n\n\n<div class=\"list-wrapper\"><div class=\"list-divider\"><\/div><a id=\"guten-Zxclt0\" href=\"\"><span class=\"list-text\">List item<\/span><\/a><div class=\"list-divider\"><\/div><a id=\"guten-AS8GTC\" href=\"\"><span class=\"list-text\">List item<\/span><\/a><div class=\"list-divider\"><\/div><a id=\"guten-lJfC7C\" href=\"\"><span class=\"list-text\">List item<\/span><\/a><\/div>\n\n<div class=\"list-wrapper\"><div class=\"list-divider\"><\/div><a id=\"guten-jPUISv\" href=\"\"><span class=\"list-text\">List item<\/span><\/a><div class=\"list-divider\"><\/div><a id=\"guten-5SmSZy\" href=\"\"><span class=\"list-text\">List item<\/span><\/a><\/div>\n\n\n<div style=\"height:50px\" aria-hidden=\"true\" class=\"wp-block-spacer\"><\/div>\n\n\n\n<h2 class=\"wp-block-heading\">Lojas online<\/h2>\n\n\n\n<div style=\"height:50px\" aria-hidden=\"true\" class=\"wp-block-spacer\"><\/div>\n\n\n\n<p>Pode encontrar os nossos produtos em perfumarias, farm\u00e1cias, parafarm\u00e1cias, etc. Escolha o pa\u00eds e clique na loja da sua prefer\u00eancia para aceder \u00e0 gama dispon\u00edvel e comprar diretamente.<\/p>\n\n\n\n<p><a href=\"https:\/\/www.alcampo.es\/compra-online\/search\/?department=W70&amp;text=intea\" target=\"_blank\" rel=\"noreferrer noopener\"><\/a><\/p>\n\n\n\n\n\n\n\n\n\n<div style=\"height:50px\" aria-hidden=\"true\" class=\"wp-block-spacer\"><\/div>\n\n\n\n<p>Se n\u00e3o encontrar um produto, pode contactar-nos directamente ou enviar-nos um e-mail e n\u00f3s enviar-lhe-emos o produto de que necessita.<\/p>\n\n\n\n<p>Se tiver dificuldades em encontrar o produto na sua \u00e1rea, por favor contacte-nos atrav\u00e9s do e-mail&nbsp;<a href=\"mailto:consultas@inteacosmetics.com\">info@inteaportugal.pt<\/a><\/p>","protected":false},"excerpt":{"rendered":"<p>Lojas f\u00edsicas em Espanha Lojas online Pode encontrar os nossos produtos em perfumarias, grandes armaz\u00e9ns, farm\u00e1cias, etc. Escolha o pa\u00eds e clique na loja que deseja para aceder \u00e0 gama dispon\u00edvel e comprar diretamente. Se n\u00e3o encontrar um produto, pode telefonar-nos diretamente ou enviar-nos um e-mail e enviar-lhe-emos o produto de que necessita. Se tiver dificuldades em encontrar o produto no local onde vive, contacte-nos atrav\u00e9s do e-mail info@inteacosmetics.com<\/p>","protected":false},"author":1,"featured_media":0,"parent":0,"menu_order":0,"comment_status":"closed","ping_status":"closed","template":"","meta":{"footnotes":""},"class_list":["post-284","page","type-page","status-publish","hentry"],"yoast_head":"<!-- This site is optimized with the Yoast SEO plugin v27.4 - https:\/\/yoast.com\/product\/yoast-seo-wordpress\/ -->\n<title>Puntos de venta de productos INTEA - inteacosmetics<\/title>\n<meta name=\"robots\" content=\"index, follow, max-snippet:-1, max-image-preview:large, max-video-preview:-1\" \/>\n<link rel=\"canonical\" href=\"https:\/\/inteacosmetics.com\/pt_pt\/pontos-de-venda\/\" \/>\n<meta property=\"og:locale\" content=\"pt_PT\" \/>\n<meta property=\"og:type\" content=\"article\" \/>\n<meta property=\"og:title\" content=\"Puntos de venta de productos INTEA - inteacosmetics\" \/>\n<meta property=\"og:description\" content=\"Tiendas f\u00edsicas en Espa\u00f1a Tiendas online Puedes encontrar nuestros productos en tiendas de perfumer\u00eda, grandes superficies, farmacias, etc. Elige pais y pincha en la tienda que quieras para acceder a la gama disponible y comprar directamente. Si no encuentra alg\u00fan producto nos puede llamar directamente o mandar un e-mail y le enviaremos a su domicilio el producto que necesite. Si en la localidad donde reside tiene dificultades para encontrar el producto contacte con nosotros a trav\u00e9s del correo electr\u00f3nico&nbsp;info@inteacosmetics.com\" \/>\n<meta property=\"og:url\" content=\"https:\/\/inteacosmetics.com\/pt_pt\/pontos-de-venda\/\" \/>\n<meta property=\"og:site_name\" content=\"inteacosmetics\" \/>\n<meta property=\"article:publisher\" content=\"https:\/\/inteacosmetics.com\/facebook.com\/inteacosmetics\" \/>\n<meta property=\"article:modified_time\" content=\"2023-09-13T12:27:59+00:00\" \/>\n<meta property=\"og:image\" content=\"https:\/\/inteacosmetics.com\/wp-content\/uploads\/2023\/05\/Captura-sin-titulo0498-683x1024.jpg\" \/>\n<meta name=\"twitter:card\" content=\"summary_large_image\" \/>\n<meta name=\"twitter:site\" content=\"@InteaCosmetics\" \/>\n<meta name=\"twitter:label1\" content=\"Tempo estimado de leitura\" \/>\n\t<meta name=\"twitter:data1\" content=\"1 minuto\" \/>\n<script type=\"application\/ld+json\" class=\"yoast-schema-graph\">{\"@context\":\"https:\\\/\\\/schema.org\",\"@graph\":[{\"@type\":\"WebPage\",\"@id\":\"https:\\\/\\\/inteacosmetics.com\\\/puntos-de-venta\\\/\",\"url\":\"https:\\\/\\\/inteacosmetics.com\\\/puntos-de-venta\\\/\",\"name\":\"Puntos de venta de productos INTEA - inteacosmetics\",\"isPartOf\":{\"@id\":\"https:\\\/\\\/inteacosmetics.com\\\/#website\"},\"primaryImageOfPage\":{\"@id\":\"https:\\\/\\\/inteacosmetics.com\\\/puntos-de-venta\\\/#primaryimage\"},\"image\":{\"@id\":\"https:\\\/\\\/inteacosmetics.com\\\/puntos-de-venta\\\/#primaryimage\"},\"thumbnailUrl\":\"https:\\\/\\\/inteacosmetics.com\\\/wp-content\\\/uploads\\\/2023\\\/05\\\/Captura-sin-titulo0498-683x1024.jpg\",\"datePublished\":\"2023-01-26T12:36:50+00:00\",\"dateModified\":\"2023-09-13T12:27:59+00:00\",\"breadcrumb\":{\"@id\":\"https:\\\/\\\/inteacosmetics.com\\\/puntos-de-venta\\\/#breadcrumb\"},\"inLanguage\":\"pt-PT\",\"potentialAction\":[{\"@type\":\"ReadAction\",\"target\":[\"https:\\\/\\\/inteacosmetics.com\\\/puntos-de-venta\\\/\"]}]},{\"@type\":\"ImageObject\",\"inLanguage\":\"pt-PT\",\"@id\":\"https:\\\/\\\/inteacosmetics.com\\\/puntos-de-venta\\\/#primaryimage\",\"url\":\"https:\\\/\\\/inteacosmetics.com\\\/wp-content\\\/uploads\\\/2023\\\/05\\\/Captura-sin-titulo0498-683x1024.jpg\",\"contentUrl\":\"https:\\\/\\\/inteacosmetics.com\\\/wp-content\\\/uploads\\\/2023\\\/05\\\/Captura-sin-titulo0498-683x1024.jpg\"},{\"@type\":\"BreadcrumbList\",\"@id\":\"https:\\\/\\\/inteacosmetics.com\\\/puntos-de-venta\\\/#breadcrumb\",\"itemListElement\":[{\"@type\":\"ListItem\",\"position\":1,\"name\":\"Portada\",\"item\":\"https:\\\/\\\/inteacosmetics.com\\\/\"},{\"@type\":\"ListItem\",\"position\":2,\"name\":\"Puntos de venta de productos INTEA\"}]},{\"@type\":\"WebSite\",\"@id\":\"https:\\\/\\\/inteacosmetics.com\\\/#website\",\"url\":\"https:\\\/\\\/inteacosmetics.com\\\/\",\"name\":\"inteacosmetics\",\"description\":\"\",\"publisher\":{\"@id\":\"https:\\\/\\\/inteacosmetics.com\\\/#organization\"},\"potentialAction\":[{\"@type\":\"SearchAction\",\"target\":{\"@type\":\"EntryPoint\",\"urlTemplate\":\"https:\\\/\\\/inteacosmetics.com\\\/?s={search_term_string}\"},\"query-input\":{\"@type\":\"PropertyValueSpecification\",\"valueRequired\":true,\"valueName\":\"search_term_string\"}}],\"inLanguage\":\"pt-PT\"},{\"@type\":\"Organization\",\"@id\":\"https:\\\/\\\/inteacosmetics.com\\\/#organization\",\"name\":\"inteacosmetics\",\"url\":\"https:\\\/\\\/inteacosmetics.com\\\/\",\"logo\":{\"@type\":\"ImageObject\",\"inLanguage\":\"pt-PT\",\"@id\":\"https:\\\/\\\/inteacosmetics.com\\\/#\\\/schema\\\/logo\\\/image\\\/\",\"url\":\"https:\\\/\\\/inteacosmetics.com\\\/wp-content\\\/uploads\\\/2022\\\/12\\\/cropped-logo_intea500x500.jpg\",\"contentUrl\":\"https:\\\/\\\/inteacosmetics.com\\\/wp-content\\\/uploads\\\/2022\\\/12\\\/cropped-logo_intea500x500.jpg\",\"width\":500,\"height\":500,\"caption\":\"inteacosmetics\"},\"image\":{\"@id\":\"https:\\\/\\\/inteacosmetics.com\\\/#\\\/schema\\\/logo\\\/image\\\/\"},\"sameAs\":[\"https:\\\/\\\/inteacosmetics.com\\\/facebook.com\\\/inteacosmetics\",\"https:\\\/\\\/x.com\\\/InteaCosmetics\",\"https:\\\/\\\/instagram.com\\\/intea_spain\"]}]}<\/script>\n<!-- \/ Yoast SEO plugin. -->","yoast_head_json":{"title":"Pontos de venda de produtos INTEA - inteacosmetics","robots":{"index":"index","follow":"follow","max-snippet":"max-snippet:-1","max-image-preview":"max-image-preview:large","max-video-preview":"max-video-preview:-1"},"canonical":"https:\/\/inteacosmetics.com\/pt_pt\/pontos-de-venda\/","og_locale":"pt_PT","og_type":"article","og_title":"Puntos de venta de productos INTEA - inteacosmetics","og_description":"Tiendas f\u00edsicas en Espa\u00f1a Tiendas online Puedes encontrar nuestros productos en tiendas de perfumer\u00eda, grandes superficies, farmacias, etc. Elige pais y pincha en la tienda que quieras para acceder a la gama disponible y comprar directamente. Si no encuentra alg\u00fan producto nos puede llamar directamente o mandar un e-mail y le enviaremos a su domicilio el producto que necesite. Si en la localidad donde reside tiene dificultades para encontrar el producto contacte con nosotros a trav\u00e9s del correo electr\u00f3nico&nbsp;info@inteacosmetics.com","og_url":"https:\/\/inteacosmetics.com\/pt_pt\/pontos-de-venda\/","og_site_name":"inteacosmetics","article_publisher":"https:\/\/inteacosmetics.com\/facebook.com\/inteacosmetics","article_modified_time":"2023-09-13T12:27:59+00:00","og_image":[{"url":"https:\/\/inteacosmetics.com\/wp-content\/uploads\/2023\/05\/Captura-sin-titulo0498-683x1024.jpg","type":"","width":"","height":""}],"twitter_card":"summary_large_image","twitter_site":"@InteaCosmetics","twitter_misc":{"Tempo estimado de leitura":"1 minuto"},"schema":{"@context":"https:\/\/schema.org","@graph":[{"@type":"WebPage","@id":"https:\/\/inteacosmetics.com\/puntos-de-venta\/","url":"https:\/\/inteacosmetics.com\/puntos-de-venta\/","name":"Pontos de venda de produtos INTEA - inteacosmetics","isPartOf":{"@id":"https:\/\/inteacosmetics.com\/#website"},"primaryImageOfPage":{"@id":"https:\/\/inteacosmetics.com\/puntos-de-venta\/#primaryimage"},"image":{"@id":"https:\/\/inteacosmetics.com\/puntos-de-venta\/#primaryimage"},"thumbnailUrl":"https:\/\/inteacosmetics.com\/wp-content\/uploads\/2023\/05\/Captura-sin-titulo0498-683x1024.jpg","datePublished":"2023-01-26T12:36:50+00:00","dateModified":"2023-09-13T12:27:59+00:00","breadcrumb":{"@id":"https:\/\/inteacosmetics.com\/puntos-de-venta\/#breadcrumb"},"inLanguage":"pt-PT","potentialAction":[{"@type":"ReadAction","target":["https:\/\/inteacosmetics.com\/puntos-de-venta\/"]}]},{"@type":"ImageObject","inLanguage":"pt-PT","@id":"https:\/\/inteacosmetics.com\/puntos-de-venta\/#primaryimage","url":"https:\/\/inteacosmetics.com\/wp-content\/uploads\/2023\/05\/Captura-sin-titulo0498-683x1024.jpg","contentUrl":"https:\/\/inteacosmetics.com\/wp-content\/uploads\/2023\/05\/Captura-sin-titulo0498-683x1024.jpg"},{"@type":"BreadcrumbList","@id":"https:\/\/inteacosmetics.com\/puntos-de-venta\/#breadcrumb","itemListElement":[{"@type":"ListItem","position":1,"name":"Portada","item":"https:\/\/inteacosmetics.com\/"},{"@type":"ListItem","position":2,"name":"Puntos de venta de productos INTEA"}]},{"@type":"WebSite","@id":"https:\/\/inteacosmetics.com\/#website","url":"https:\/\/inteacosmetics.com\/","name":"inteacosm\u00e9ticos","description":"","publisher":{"@id":"https:\/\/inteacosmetics.com\/#organization"},"potentialAction":[{"@type":"SearchAction","target":{"@type":"EntryPoint","urlTemplate":"https:\/\/inteacosmetics.com\/?s={search_term_string}"},"query-input":{"@type":"PropertyValueSpecification","valueRequired":true,"valueName":"search_term_string"}}],"inLanguage":"pt-PT"},{"@type":"Organization","@id":"https:\/\/inteacosmetics.com\/#organization","name":"inteacosm\u00e9ticos","url":"https:\/\/inteacosmetics.com\/","logo":{"@type":"ImageObject","inLanguage":"pt-PT","@id":"https:\/\/inteacosmetics.com\/#\/schema\/logo\/image\/","url":"https:\/\/inteacosmetics.com\/wp-content\/uploads\/2022\/12\/cropped-logo_intea500x500.jpg","contentUrl":"https:\/\/inteacosmetics.com\/wp-content\/uploads\/2022\/12\/cropped-logo_intea500x500.jpg","width":500,"height":500,"caption":"inteacosmetics"},"image":{"@id":"https:\/\/inteacosmetics.com\/#\/schema\/logo\/image\/"},"sameAs":["https:\/\/inteacosmetics.com\/facebook.com\/inteacosmetics","https:\/\/x.com\/InteaCosmetics","https:\/\/instagram.com\/intea_spain"]}]}},"_links":{"self":[{"href":"https:\/\/inteacosmetics.com\/pt_pt\/wp-json\/wp\/v2\/pages\/284","targetHints":{"allow":["GET"]}}],"collection":[{"href":"https:\/\/inteacosmetics.com\/pt_pt\/wp-json\/wp\/v2\/pages"}],"about":[{"href":"https:\/\/inteacosmetics.com\/pt_pt\/wp-json\/wp\/v2\/types\/page"}],"author":[{"embeddable":true,"href":"https:\/\/inteacosmetics.com\/pt_pt\/wp-json\/wp\/v2\/users\/1"}],"replies":[{"embeddable":true,"href":"https:\/\/inteacosmetics.com\/pt_pt\/wp-json\/wp\/v2\/comments?post=284"}],"version-history":[{"count":14,"href":"https:\/\/inteacosmetics.com\/pt_pt\/wp-json\/wp\/v2\/pages\/284\/revisions"}],"predecessor-version":[{"id":1019,"href":"https:\/\/inteacosmetics.com\/pt_pt\/wp-json\/wp\/v2\/pages\/284\/revisions\/1019"}],"wp:attachment":[{"href":"https:\/\/inteacosmetics.com\/pt_pt\/wp-json\/wp\/v2\/media?parent=284"}],"curies":[{"name":"wp","href":"https:\/\/api.w.org\/{rel}","templated":true}]}}