{"id":905,"date":"2023-06-22T09:46:11","date_gmt":"2023-06-22T09:46:11","guid":{"rendered":"https:\/\/inteacosmetics.com\/?page_id=905"},"modified":"2023-06-22T09:51:45","modified_gmt":"2023-06-22T09:51:45","slug":"politica-della-qualita","status":"publish","type":"page","link":"https:\/\/inteacosmetics.com\/it\/politica-della-qualita\/","title":{"rendered":"Politica della qualit\u00e0"},"content":{"rendered":"<p><strong>DUARTE Y BELTR\u00c1N, S.A.<\/strong>\u00a0\u00e8 un'azienda familiare fondata nel 1979, continuatrice dell'impresa individuale INTEA P. BELTR\u00c1N che, dal 1915, si \u00e8 specializzata nella creazione e nello sviluppo di prodotti cosmetici realizzati con componenti naturali di alta qualit\u00e0, attualmente proprietaria dei marchi e dei brevetti INTEA.<sup>\u00ae<\/sup>.<\/p>\n\n\n\n<div style=\"height:25px\" aria-hidden=\"true\" class=\"wp-block-spacer\"><\/div>\n\n\n\n<p>La nostra azienda \u00e8 caratterizzata da una costante ricerca di miglioramento del prodotto che offriamo ai nostri clienti. Per questo motivo, il punto di vista dei nostri clienti e consumatori finali deve essere conosciuto in tutta l'azienda e deve essere misurato per poter valutare il loro grado di soddisfazione.<\/p>\n\n\n\n<div style=\"height:25px\" aria-hidden=\"true\" class=\"wp-block-spacer\"><\/div>\n\n\n\n<p><\/p>\n\n\n\n<p>La competitivit\u00e0 di\u00a0<strong>DUARTE Y BELTR\u00c1N, S.A.<\/strong>\u00a0\u00e8 assolutamente necessario per la nostra permanenza sul mercato e per questo il Sistema di Gestione della Qualit\u00e0 implementato, secondo la norma UNE EN ISO 9001:2015, deve essere finalizzato alla soddisfazione dei clienti, dei consumatori finali e dei dipendenti. Allo stesso tempo, deve consentire l'ottimizzazione globale delle risorse dell'azienda, soddisfacendo tutti i requisiti determinati dal cliente, stabilendo prezzi competitivi, fornendo un prodotto ottimale e rispettando fedelmente i termini di consegna.<\/p>\n\n\n\n<div style=\"height:25px\" aria-hidden=\"true\" class=\"wp-block-spacer\"><\/div>\n\n\n\n<p><\/p>\n\n\n\n<p><strong>DUARTE Y BELTR\u00c1N, S.A.<\/strong>\u00a0\u00e8 impegnata nel percorso di miglioramento continuo integrando il ciclo di Pianificazione, Esecuzione, Verifica e Analisi nel Sistema di Gestione della Qualit\u00e0, al fine di fare le cose bene, la prima volta e con la giusta qualit\u00e0.<\/p>\n\n\n\n<div style=\"height:25px\" aria-hidden=\"true\" class=\"wp-block-spacer\"><\/div>\n\n\n\n<p><\/p>\n\n\n\n<p>La qualit\u00e0 viene prodotta in ogni postazione di lavoro dell'azienda, dal personale di vendita che raccoglie le esigenze del Cliente, al personale che elabora, prepara e spedisce gli ordini, il che significa che la collaborazione e l'impegno di tutti i membri dell'azienda sono necessari per soddisfare questa Politica della Qualit\u00e0.<\/p>\n\n\n\n<div style=\"height:25px\" aria-hidden=\"true\" class=\"wp-block-spacer\"><\/div>\n\n\n\n<p><\/p>\n\n\n\n<p>Il compito di migliorare la qualit\u00e0 \u00e8 prima di tutto una responsabilit\u00e0 della direzione e pertanto la direzione si impegna a farlo:<\/p>\n\n\n\n<p>- Stabilire annualmente obiettivi quantificabili derivati da questa Politica della qualit\u00e0.<\/p>\n\n\n\n<p>- Fornire le risorse umane, tecniche e materiali necessarie, nonch\u00e9 un'adeguata formazione del personale per svolgere i propri compiti con i livelli di qualit\u00e0 richiesti.<\/p>\n\n\n\n<p>- Garantire l'attuazione, l'osservanza e l'efficacia della presente Politica, rendendola nota a tutti i membri dell'azienda, nonch\u00e9 ai fornitori, ai collaboratori e al pubblico in generale, assicurandosi che venga compresa e rivedendola annualmente per verificarne l'adeguatezza agli scopi della nostra azienda.<\/p>\n\n\n\n<div style=\"height:25px\" aria-hidden=\"true\" class=\"wp-block-spacer\"><\/div>\n\n\n\n<div style=\"height:73px\" aria-hidden=\"true\" class=\"wp-block-spacer\"><\/div>\n\n\n\n<p class=\"has-text-align-right\"><strong>Jos\u00e9 Ignacio Beltr\u00e1n Pi\u00f1eiro<\/strong><\/p>\n\n\n\n<p class=\"has-text-align-right\">Direttore generale<\/p>\n\n\n\n<p class=\"has-text-align-right\">A Santander, 11 settembre 2007<\/p>","protected":false},"excerpt":{"rendered":"<p>DUARTE Y BELTR\u00c1N, S.A. \u00e8 un'azienda familiare fondata nel 1979, continuatrice dell'impresa individuale INTEA P. BELTR\u00c1N che, dal 1915, si \u00e8 specializzata nella creazione e nello sviluppo di prodotti cosmetici realizzati con componenti naturali di alta qualit\u00e0, ed \u00e8 attualmente proprietaria dei marchi e dei brevetti INTEA\u00ae. La nostra azienda \u00e8 caratterizzata da una costante ricerca del miglioramento del prodotto che offriamo ai nostri clienti. Per questo motivo, il punto di vista dei nostri clienti e consumatori finali deve essere conosciuto in tutta l'azienda e deve essere misurato per poter valutare il loro grado di soddisfazione. La competitivit\u00e0 di DUARTE Y<\/p>","protected":false},"author":1,"featured_media":0,"parent":0,"menu_order":0,"comment_status":"closed","ping_status":"closed","template":"","meta":{"footnotes":""},"class_list":["post-905","page","type-page","status-publish","hentry"],"yoast_head":"<!-- This site is optimized with the Yoast SEO plugin v27.4 - https:\/\/yoast.com\/product\/yoast-seo-wordpress\/ -->\n<title>Pol\u00edtica de calidad - inteacosmetics<\/title>\n<meta name=\"robots\" content=\"index, follow, max-snippet:-1, max-image-preview:large, max-video-preview:-1\" \/>\n<link rel=\"canonical\" href=\"https:\/\/inteacosmetics.com\/it\/politica-della-qualita\/\" \/>\n<meta property=\"og:locale\" content=\"it_IT\" \/>\n<meta property=\"og:type\" content=\"article\" \/>\n<meta property=\"og:title\" content=\"Pol\u00edtica de calidad - inteacosmetics\" \/>\n<meta property=\"og:description\" content=\"DUARTE Y BELTR\u00c1N, S.A.\u00a0es una compa\u00f1\u00eda familiar fundada en el a\u00f1o 1.979, continuadora de la empresa individual INTEA P. BELTR\u00c1N que, desde 1.915, se ha especializado en la creaci\u00f3n y desarrollo de productos cosm\u00e9ticos elaborados con componentes naturales de alta calidad, siendo actualmente propietaria de las marcas y patentes INTEA\u00ae. Nuestra empresa se caracteriza por una constante b\u00fasqueda de la mejora del producto que ofrecemos a nuestros clientes. Por ello, el punto de vista de nuestros clientes y consumidores finales debe conocerse en toda la empresa y debe medirse para poder evaluar su grado de satisfacci\u00f3n. La competitividad de\u00a0DUARTE Y\" \/>\n<meta property=\"og:url\" content=\"https:\/\/inteacosmetics.com\/it\/politica-della-qualita\/\" \/>\n<meta property=\"og:site_name\" content=\"inteacosmetics\" \/>\n<meta property=\"article:publisher\" content=\"https:\/\/inteacosmetics.com\/facebook.com\/inteacosmetics\" \/>\n<meta property=\"article:modified_time\" content=\"2023-06-22T09:51:45+00:00\" \/>\n<meta property=\"og:image\" content=\"https:\/\/inteacosmetics.com\/wp-content\/uploads\/2022\/12\/cropped-logo_intea500x500.jpg\" \/>\n\t<meta property=\"og:image:width\" content=\"500\" \/>\n\t<meta property=\"og:image:height\" content=\"500\" \/>\n\t<meta property=\"og:image:type\" content=\"image\/jpeg\" \/>\n<meta name=\"twitter:card\" content=\"summary_large_image\" \/>\n<meta name=\"twitter:site\" content=\"@InteaCosmetics\" \/>\n<meta name=\"twitter:label1\" content=\"Tempo di lettura stimato\" \/>\n\t<meta name=\"twitter:data1\" content=\"2 minuti\" \/>\n<script type=\"application\/ld+json\" class=\"yoast-schema-graph\">{\"@context\":\"https:\\\/\\\/schema.org\",\"@graph\":[{\"@type\":\"WebPage\",\"@id\":\"https:\\\/\\\/inteacosmetics.com\\\/politica-de-calidad\\\/\",\"url\":\"https:\\\/\\\/inteacosmetics.com\\\/politica-de-calidad\\\/\",\"name\":\"Pol\u00edtica de calidad - inteacosmetics\",\"isPartOf\":{\"@id\":\"https:\\\/\\\/inteacosmetics.com\\\/#website\"},\"datePublished\":\"2023-06-22T09:46:11+00:00\",\"dateModified\":\"2023-06-22T09:51:45+00:00\",\"breadcrumb\":{\"@id\":\"https:\\\/\\\/inteacosmetics.com\\\/politica-de-calidad\\\/#breadcrumb\"},\"inLanguage\":\"it-IT\",\"potentialAction\":[{\"@type\":\"ReadAction\",\"target\":[\"https:\\\/\\\/inteacosmetics.com\\\/politica-de-calidad\\\/\"]}]},{\"@type\":\"BreadcrumbList\",\"@id\":\"https:\\\/\\\/inteacosmetics.com\\\/politica-de-calidad\\\/#breadcrumb\",\"itemListElement\":[{\"@type\":\"ListItem\",\"position\":1,\"name\":\"Portada\",\"item\":\"https:\\\/\\\/inteacosmetics.com\\\/\"},{\"@type\":\"ListItem\",\"position\":2,\"name\":\"Pol\u00edtica de calidad\"}]},{\"@type\":\"WebSite\",\"@id\":\"https:\\\/\\\/inteacosmetics.com\\\/#website\",\"url\":\"https:\\\/\\\/inteacosmetics.com\\\/\",\"name\":\"inteacosmetics\",\"description\":\"\",\"publisher\":{\"@id\":\"https:\\\/\\\/inteacosmetics.com\\\/#organization\"},\"potentialAction\":[{\"@type\":\"SearchAction\",\"target\":{\"@type\":\"EntryPoint\",\"urlTemplate\":\"https:\\\/\\\/inteacosmetics.com\\\/?s={search_term_string}\"},\"query-input\":{\"@type\":\"PropertyValueSpecification\",\"valueRequired\":true,\"valueName\":\"search_term_string\"}}],\"inLanguage\":\"it-IT\"},{\"@type\":\"Organization\",\"@id\":\"https:\\\/\\\/inteacosmetics.com\\\/#organization\",\"name\":\"inteacosmetics\",\"url\":\"https:\\\/\\\/inteacosmetics.com\\\/\",\"logo\":{\"@type\":\"ImageObject\",\"inLanguage\":\"it-IT\",\"@id\":\"https:\\\/\\\/inteacosmetics.com\\\/#\\\/schema\\\/logo\\\/image\\\/\",\"url\":\"https:\\\/\\\/inteacosmetics.com\\\/wp-content\\\/uploads\\\/2022\\\/12\\\/cropped-logo_intea500x500.jpg\",\"contentUrl\":\"https:\\\/\\\/inteacosmetics.com\\\/wp-content\\\/uploads\\\/2022\\\/12\\\/cropped-logo_intea500x500.jpg\",\"width\":500,\"height\":500,\"caption\":\"inteacosmetics\"},\"image\":{\"@id\":\"https:\\\/\\\/inteacosmetics.com\\\/#\\\/schema\\\/logo\\\/image\\\/\"},\"sameAs\":[\"https:\\\/\\\/inteacosmetics.com\\\/facebook.com\\\/inteacosmetics\",\"https:\\\/\\\/x.com\\\/InteaCosmetics\",\"https:\\\/\\\/instagram.com\\\/intea_spain\"]}]}<\/script>\n<!-- \/ Yoast SEO plugin. -->","yoast_head_json":{"title":"Politica della qualit\u00e0 - inteacosmetica","robots":{"index":"index","follow":"follow","max-snippet":"max-snippet:-1","max-image-preview":"max-image-preview:large","max-video-preview":"max-video-preview:-1"},"canonical":"https:\/\/inteacosmetics.com\/it\/politica-della-qualita\/","og_locale":"it_IT","og_type":"article","og_title":"Pol\u00edtica de calidad - inteacosmetics","og_description":"DUARTE Y BELTR\u00c1N, S.A.\u00a0es una compa\u00f1\u00eda familiar fundada en el a\u00f1o 1.979, continuadora de la empresa individual INTEA P. BELTR\u00c1N que, desde 1.915, se ha especializado en la creaci\u00f3n y desarrollo de productos cosm\u00e9ticos elaborados con componentes naturales de alta calidad, siendo actualmente propietaria de las marcas y patentes INTEA\u00ae. Nuestra empresa se caracteriza por una constante b\u00fasqueda de la mejora del producto que ofrecemos a nuestros clientes. Por ello, el punto de vista de nuestros clientes y consumidores finales debe conocerse en toda la empresa y debe medirse para poder evaluar su grado de satisfacci\u00f3n. La competitividad de\u00a0DUARTE Y","og_url":"https:\/\/inteacosmetics.com\/it\/politica-della-qualita\/","og_site_name":"inteacosmetics","article_publisher":"https:\/\/inteacosmetics.com\/facebook.com\/inteacosmetics","article_modified_time":"2023-06-22T09:51:45+00:00","og_image":[{"width":500,"height":500,"url":"https:\/\/inteacosmetics.com\/wp-content\/uploads\/2022\/12\/cropped-logo_intea500x500.jpg","type":"image\/jpeg"}],"twitter_card":"summary_large_image","twitter_site":"@InteaCosmetics","twitter_misc":{"Tempo di lettura stimato":"2 minuti"},"schema":{"@context":"https:\/\/schema.org","@graph":[{"@type":"WebPage","@id":"https:\/\/inteacosmetics.com\/politica-de-calidad\/","url":"https:\/\/inteacosmetics.com\/politica-de-calidad\/","name":"Politica della qualit\u00e0 - inteacosmetica","isPartOf":{"@id":"https:\/\/inteacosmetics.com\/#website"},"datePublished":"2023-06-22T09:46:11+00:00","dateModified":"2023-06-22T09:51:45+00:00","breadcrumb":{"@id":"https:\/\/inteacosmetics.com\/politica-de-calidad\/#breadcrumb"},"inLanguage":"it-IT","potentialAction":[{"@type":"ReadAction","target":["https:\/\/inteacosmetics.com\/politica-de-calidad\/"]}]},{"@type":"BreadcrumbList","@id":"https:\/\/inteacosmetics.com\/politica-de-calidad\/#breadcrumb","itemListElement":[{"@type":"ListItem","position":1,"name":"Portada","item":"https:\/\/inteacosmetics.com\/"},{"@type":"ListItem","position":2,"name":"Pol\u00edtica de calidad"}]},{"@type":"WebSite","@id":"https:\/\/inteacosmetics.com\/#website","url":"https:\/\/inteacosmetics.com\/","name":"inteacosmetici","description":"","publisher":{"@id":"https:\/\/inteacosmetics.com\/#organization"},"potentialAction":[{"@type":"SearchAction","target":{"@type":"EntryPoint","urlTemplate":"https:\/\/inteacosmetics.com\/?s={search_term_string}"},"query-input":{"@type":"PropertyValueSpecification","valueRequired":true,"valueName":"search_term_string"}}],"inLanguage":"it-IT"},{"@type":"Organization","@id":"https:\/\/inteacosmetics.com\/#organization","name":"inteacosmetici","url":"https:\/\/inteacosmetics.com\/","logo":{"@type":"ImageObject","inLanguage":"it-IT","@id":"https:\/\/inteacosmetics.com\/#\/schema\/logo\/image\/","url":"https:\/\/inteacosmetics.com\/wp-content\/uploads\/2022\/12\/cropped-logo_intea500x500.jpg","contentUrl":"https:\/\/inteacosmetics.com\/wp-content\/uploads\/2022\/12\/cropped-logo_intea500x500.jpg","width":500,"height":500,"caption":"inteacosmetics"},"image":{"@id":"https:\/\/inteacosmetics.com\/#\/schema\/logo\/image\/"},"sameAs":["https:\/\/inteacosmetics.com\/facebook.com\/inteacosmetics","https:\/\/x.com\/InteaCosmetics","https:\/\/instagram.com\/intea_spain"]}]}},"_links":{"self":[{"href":"https:\/\/inteacosmetics.com\/it\/wp-json\/wp\/v2\/pages\/905","targetHints":{"allow":["GET"]}}],"collection":[{"href":"https:\/\/inteacosmetics.com\/it\/wp-json\/wp\/v2\/pages"}],"about":[{"href":"https:\/\/inteacosmetics.com\/it\/wp-json\/wp\/v2\/types\/page"}],"author":[{"embeddable":true,"href":"https:\/\/inteacosmetics.com\/it\/wp-json\/wp\/v2\/users\/1"}],"replies":[{"embeddable":true,"href":"https:\/\/inteacosmetics.com\/it\/wp-json\/wp\/v2\/comments?post=905"}],"version-history":[{"count":5,"href":"https:\/\/inteacosmetics.com\/it\/wp-json\/wp\/v2\/pages\/905\/revisions"}],"predecessor-version":[{"id":914,"href":"https:\/\/inteacosmetics.com\/it\/wp-json\/wp\/v2\/pages\/905\/revisions\/914"}],"wp:attachment":[{"href":"https:\/\/inteacosmetics.com\/it\/wp-json\/wp\/v2\/media?parent=905"}],"curies":[{"name":"wp","href":"https:\/\/api.w.org\/{rel}","templated":true}]}}