{"id":368,"date":"2023-03-03T13:31:19","date_gmt":"2023-03-03T13:31:19","guid":{"rendered":"https:\/\/inteacosmetics.com\/modo-de-empleo-lociones-para-el-cabello\/"},"modified":"2025-02-11T11:33:54","modified_gmt":"2025-02-11T11:33:54","slug":"modalita-di-impiego-3","status":"publish","type":"page","link":"https:\/\/inteacosmetics.com\/it\/modalita-di-impiego-3\/","title":{"rendered":"Indicazioni per la cura dei capelli"},"content":{"rendered":"<figure class=\"wp-block-image size-large is-resized\"><img decoding=\"async\" width=\"683\" height=\"1024\" src=\"https:\/\/inteacosmetics.com\/wp-content\/uploads\/2023\/05\/IO7A2064-683x1024.jpg\" alt=\"\" class=\"wp-image-679\" style=\"width:427px;height:640px\" srcset=\"https:\/\/inteacosmetics.com\/wp-content\/uploads\/2023\/05\/IO7A2064-683x1024.jpg 683w, https:\/\/inteacosmetics.com\/wp-content\/uploads\/2023\/05\/IO7A2064-200x300.jpg 200w, https:\/\/inteacosmetics.com\/wp-content\/uploads\/2023\/05\/IO7A2064-768x1152.jpg 768w, https:\/\/inteacosmetics.com\/wp-content\/uploads\/2023\/05\/IO7A2064-1024x1536.jpg 1024w, https:\/\/inteacosmetics.com\/wp-content\/uploads\/2023\/05\/IO7A2064-1365x2048.jpg 1365w, https:\/\/inteacosmetics.com\/wp-content\/uploads\/2023\/05\/IO7A2064-8x12.jpg 8w, https:\/\/inteacosmetics.com\/wp-content\/uploads\/2023\/05\/IO7A2064-scaled.jpg 1707w\" sizes=\"(max-width: 683px) 100vw, 683px\" \/><\/figure>\n\n\n\n<div style=\"height:50px\" aria-hidden=\"true\" class=\"wp-block-spacer\"><\/div>\n\n\n<div class=\"tab-heading\"><\/div><div class=\"tab-body\">\n<div class=\"wp-block-group is-layout-constrained wp-block-group-is-layout-constrained\">\n<div style=\"height:50px\" aria-hidden=\"true\" class=\"wp-block-spacer\"><\/div>\n\n\n\n<div class=\"wp-block-group is-layout-constrained wp-block-group-is-layout-constrained\">\n<h2 class=\"wp-block-heading\"><strong>RICHIESTE<\/strong><\/h2>\n\n\n\n<p class=\"has-link-color wp-elements-4510a65e5d982f1efa5ae85f794d11db\">E-mail: <a href=\"mailto:info@inteacosmetics.com\" target=\"_blank\" rel=\"noreferrer noopener\">info@inteacosmetics.com<\/a><\/p>\n\n\n\n<div style=\"height:50px\" aria-hidden=\"true\" class=\"wp-block-spacer\"><\/div>\n\n\n\n\n\n<p><strong>Ottenere capelli biondi e luminosi con lo shampoo <\/strong><strong>Riflessioni<\/strong><strong> <\/strong><strong>Bionde <\/strong><strong>di Intea Cosmetics<\/strong>&nbsp;<\/p>\n\n\n\n<p>I capelli biondi sono spesso associati a uno splendore luminoso, radioso e accattivante. Che siate bionde naturali o amanti dei riflessi luminosi e dorati, ottenere e mantenere la tonalit\u00e0 perfetta pu\u00f2 sembrare una sfida costante. Sul mercato esistono molti prodotti per la cura dei capelli che pretendono di ravvivare e valorizzare i capelli biondi, ma non sono tutti uguali. Dai prodotti chimici aggressivi alle tinture artificiali, trovare un prodotto che si prenda cura dei vostri capelli e ne esalti la bellezza naturale pu\u00f2 essere difficile.&nbsp;<\/p>\n\n\n\n<p>Noi di Intea Cosmetics sappiamo che i capelli sono un'estensione della vostra identit\u00e0 e meritano la massima cura. Per questo motivo siamo lieti di presentare il nostro <strong>Shampoo Riflessi Biondi<\/strong>, una soluzione naturale per mantenere i vostri capelli biondi vivaci e sani. Se state cercando un modo delicato ed efficace per mantenere la bellezza dei vostri riflessi senza compromettere la salute dei vostri capelli, il nostro shampoo \u00e8 la soluzione perfetta. Scopriamo perch\u00e9 il nostro shampoo \u00e8 la chiave per avere capelli biondi brillanti e naturali.&nbsp;<\/p>\n\n\n\n<p><\/p>\n\n\n\n<p><strong>Perch\u00e9 il nostro <\/strong><strong>Shampoo Riflessi Biondi<\/strong><strong> \u00e8 l'opzione migliore per i vostri capelli?<\/strong>&nbsp;<\/p>\n\n\n\n<p><strong>Valorizza naturalmente i riflessi biondi<\/strong>&nbsp;<\/p>\n\n\n\n<p>L'estratto di camomilla esalta i vostri riflessi biondi naturali, illuminando e schiarendo senza l'uso di sostanze chimiche aggressive. Questo ingrediente naturale solleva gradualmente il colore, donando riflessi pi\u00f9 luminosi e mantenendo una texture liscia e bella. Il risultato \u00e8 un bagliore fresco e dorato che esalta la vostra bellezza senza i danni causati dalle tinture chimiche.&nbsp;<\/p>\n\n\n\n<p><\/p>\n\n\n\n<p><strong>Formula delicata ma efficace<\/strong>&nbsp;<\/p>\n\n\n\n<p>Formulato per detergere e nutrire, il nostro prodotto si prende cura delicatamente dei capelli, lasciandoli morbidi, lucidi e idratati. Senza <s>solfati<\/s> parabeni, promuove la salute dei capelli ottenendo una bella tonalit\u00e0 di biondo. Nutre le ciocche, permettendo loro di mantenere forza e vitalit\u00e0 senza l'uso di sostanze chimiche aggressive.&nbsp;<\/p>\n\n\n\n<p><\/p>\n\n\n\n<p><strong>Aumenta la lucentezza e la morbidezza<\/strong>&nbsp;<\/p>\n\n\n\n<p>I capelli biondi opachi o secchi vengono rivitalizzati con idratazione e nutrimento. Gli estratti di camomilla non solo schiariscono ma ripristinano anche la lucentezza naturale, lasciando i capelli pi\u00f9 morbidi, maneggevoli e luminosi. Con un uso regolare, migliora le vostre ciocche bionde, assicurando che rimangano nutrite, morbide e piene di lucentezza naturale.&nbsp;<\/p>\n\n\n\n<p><\/p>\n\n\n\n<p><strong>Adatto a tutte le tonalit\u00e0 di biondo<\/strong>&nbsp;<\/p>\n\n\n\n<p>Che si tratti di biondo evidenziato, colorato o naturale, questo prodotto si adatta a tutte le tonalit\u00e0. Esalta la vivacit\u00e0 e la lucentezza, completando il colore unico dei capelli. Sia che si tratti di un biondo naturale o schiarito, aiuta a mantenere toni biondi radiosi e abbaglianti, assicurando coerenza ed esaltando la bellezza delle m\u00e8ches.&nbsp;<\/p>\n\n\n\n<p><\/p>\n\n\n\n<p><strong>Ecologico e senza crudelt\u00e0&nbsp;&nbsp;<\/strong>&nbsp;<\/p>\n\n\n\n<p>Noi di Intea Cosmetics non solo creiamo prodotti che funzionano, ma ci preoccupiamo anche del pianeta. Il nostro shampoo \u00e8 biologico e cruelty-free, il che significa che potete sentirvi a posto con i prodotti che usate. Ci impegniamo a fornire soluzioni efficaci e sostenibili per rendere la vostra routine di cura dei capelli delicata sia per i vostri capelli che per l'ambiente.&nbsp;<\/p>\n\n\n\n<p>In conclusione, se state cercando il modo migliore per mantenere e valorizzare i vostri riflessi biondi, non cercate altro che <strong>Shampoo Riflessi Biondi<\/strong> di Intea Cosmetics. Grazie alla sua formula delicata, alle propriet\u00e0 schiarenti naturali e alla capacit\u00e0 di aumentare la lucentezza e la morbidezza, questo shampoo \u00e8 la chiave per capelli biondi sani e vibranti. Lasciate che vi aiutiamo a liberare il vero potenziale dei vostri capelli mantenendoli nutriti e luminosi.\u00a0<\/p>\n\n\n\n<p><strong><br><\/strong>Noi di INTEA@ siamo esperti nella cura e manutenzione di <strong>TUTTI i capelli biondi<\/strong>, sia che si tratti di capelli NATURALI, raddrizzati, allungati, arricciati, ecc.<\/p>\n\n\n\n<p>\u00c8 importante notare che TUTTA LA NOSTRA GAMMA DI SHAMPOO, MASCHERE e CONDIZIONATORI non contiene perossido di idrogeno, coloranti chimici o parabeni, pertanto \u00e8 APPROPRIATA e <strong>Adatto a TUTTI I TIPI DI CAPELLI.<\/strong><\/p>\n\n\n\n<p>Sono il complemento ideale se si utilizzano le nostre lozioni o i nostri trattamenti per capelli, in quanto apportano lucentezza, colore, secchezza, luminosit\u00e0, nutrimento e idratazione.<\/p>\n\n\n\n<p>Anche se non si utilizzano le lozioni, esse sono <strong>IDEALE per MANTENERE e CURARE tutti i capelli biondi e castani.<\/strong><\/p>\n\n\n\n<p>Lo shampoo per bambini \u00e8 formulato appositamente per i bambini e per i capelli fini o delicati degli adulti. <\/p>\n\n\n\n<p>Grazie all'alta percentuale di <strong>CAMOMILLA BIOLOGICA<\/strong> i capelli saranno morbidi, luminosi e curati.<\/p>\n\n\n\n<div style=\"height:50px\" aria-hidden=\"true\" class=\"wp-block-spacer\"><\/div>\n\n\n\n<h2 class=\"wp-block-heading\"><strong>PRODOTTI<\/strong><\/h2>\n\n\n\n<figure class=\"wp-block-image size-full is-resized\"><img decoding=\"async\" width=\"1000\" height=\"1000\" src=\"https:\/\/inteacosmetics.com\/wp-content\/uploads\/2023\/05\/CHAD_FLASH.jpg\" alt=\"\" class=\"wp-image-688\" style=\"width:323px;height:323px\" srcset=\"https:\/\/inteacosmetics.com\/wp-content\/uploads\/2023\/05\/CHAD_FLASH.jpg 1000w, https:\/\/inteacosmetics.com\/wp-content\/uploads\/2023\/05\/CHAD_FLASH-300x300.jpg 300w, https:\/\/inteacosmetics.com\/wp-content\/uploads\/2023\/05\/CHAD_FLASH-150x150.jpg 150w, https:\/\/inteacosmetics.com\/wp-content\/uploads\/2023\/05\/CHAD_FLASH-768x768.jpg 768w, https:\/\/inteacosmetics.com\/wp-content\/uploads\/2023\/05\/CHAD_FLASH-12x12.jpg 12w\" sizes=\"(max-width: 1000px) 100vw, 1000px\" \/><\/figure>\n\n\n\n<h2 class=\"wp-block-heading\">Shampoo speciale per capelli biondo-marroni Camomilla Intea\u00ae BRITTLE SHAMPOO<\/h2>\n\n\n\n<p><\/p>\n\n\n\n<p><strong>Funzione<\/strong><\/p>\n\n\n\n<p>Shampoo appositamente indicato per&nbsp;<strong>cura e lavaggio dei capelli biondi<\/strong>&nbsp;naturali, tinti o schiariti con i nostri prodotti. Fornisce un'intensa lucentezza, luminosit\u00e0 e riflessi ai capelli biondi. Il suo uso regolare schiarisce leggermente i capelli, esaltando i riflessi. Complemento ideale ai prodotti schiarenti Intea\u00ae per ottenere una finitura migliore.<\/p>\n\n\n\n<p><strong>Istruzioni per l'uso<\/strong><\/p>\n\n\n\n<p>Applicare sui capelli umidi con un leggero massaggio con la punta delle dita e lasciare in posa per qualche minuto. Sciacquare con abbondante acqua e ripetere l'operazione, risciacquando infine i capelli con abbondante acqua tiepida. Asciugare i capelli come di consueto.<\/p>\n\n\n\n<p>Se avete usato di recente le lozioni schiarenti Intea\u00ae Chamomile, vi consigliamo di usare il balsamo o la maschera Intea\u00ae Chamomile per riflessi biondi dopo lo shampoo per un risultato biondo perfetto.<\/p>\n\n\n\n<p><strong>Caratteristiche<\/strong><\/p>\n\n\n<div class=\"text-content-inner\">\n<p>- Non contiene perossido di idrogeno o coloranti chimici.<\/p>\n\n<p>- Disponibile nel formato da 250 ml e 500 ml<\/p>\n\n<p>- Specifico per tutti i tipi di capelli biondi grazie all'elevato estratto di fiori di camomilla<br>- Formulato da farmacisti<br>- Morbido e piacevole profumo di fiori di camomilla<br>- Pu\u00f2 essere utilizzato quotidianamente<\/p>\n\n<p>- Senza siliconi e parabeni<\/p>\n\n<p>- Non testato sugli animali<\/p>\n<\/div>\n\n\n<div style=\"height:50px\" aria-hidden=\"true\" class=\"wp-block-spacer\"><\/div>\n\n\n\n<figure class=\"wp-block-image size-full\"><img decoding=\"async\" width=\"1000\" height=\"1000\" src=\"https:\/\/inteacosmetics.com\/wp-content\/uploads\/2023\/07\/8410895100303_a.png\" alt=\"\" class=\"wp-image-929\" srcset=\"https:\/\/inteacosmetics.com\/wp-content\/uploads\/2023\/07\/8410895100303_a.png 1000w, https:\/\/inteacosmetics.com\/wp-content\/uploads\/2023\/07\/8410895100303_a-300x300.png 300w, https:\/\/inteacosmetics.com\/wp-content\/uploads\/2023\/07\/8410895100303_a-150x150.png 150w, https:\/\/inteacosmetics.com\/wp-content\/uploads\/2023\/07\/8410895100303_a-768x768.png 768w, https:\/\/inteacosmetics.com\/wp-content\/uploads\/2023\/07\/8410895100303_a-12x12.png 12w\" sizes=\"(max-width: 1000px) 100vw, 1000px\" \/><\/figure>\n\n\n\n<h2 class=\"wp-block-heading\">Maschera idratante per capelli biondo-marroni con camomilla Intea\u00ae BLONDE REFLECTS<\/h2>\n\n\n\n<p><strong>Funzione<\/strong><\/p>\n\n\n\n<p>Altamente restitutivo e protettivo per capelli biondi naturali, tinti o decolorati. Dona lucentezza e luminosit\u00e0 a m\u00e8ches e colpi di sole. Ideale per nutrire i capelli biondi con punte secche. Fornisce un'idratazione speciale ai capelli biondi e facilita la districabilit\u00e0 e lo styling.<\/p>\n\n\n\n<p><strong>Istruzioni per l'uso<\/strong><\/p>\n\n\n\n<p>Dopo lo shampoo con Intea\u00ae Chamomile, applicare sui capelli umidi dalle radici alle punte, massaggiando e distribuendo uniformemente. Lasciare agire per qualche minuto, quindi risciacquare con abbondante acqua tiepida.<\/p>\n\n\n\n<p><strong>Caratteristiche<\/strong><\/p>\n\n\n<div class=\"text-content-inner\">\n<p>- Speciale per tutti i tipi di capelli biondi, colorati o decolorati.<br>- Aiuta il processo di ricostruzione della fibra capillare, idrata e sigilla le cuticole.<\/p>\n\n<p>- Con olio di germe di grano per nutrire i capelli<\/p>\n\n<p>- L'estratto di fiori di camomilla aiuta a preservare ed esaltare il tono del biondo.<br>- Ideale per capelli asciutti, m\u00e8ches, colpi di sole, colpi di sole o qualsiasi altro tipo di lavorazione.<br>- Il principio attivo del prodotto aiuta a rivitalizzare e rigenerare i capelli, donando loro lucentezza, brillantezza e morbidezza.<\/p>\n\n<p>- Formulato da pharamaceuticals <\/p>\n\n<p>- Senza parabeni<br>- Non testato sugli animali<\/p>\n\n<div style=\"height:50px\" aria-hidden=\"true\" class=\"wp-block-spacer\"><\/div>\n<\/div>\n\n\n<h2 class=\"wp-block-heading\">Balsamo per capelli biondi alla camomilla Intea\u00ae BLONDE GLEAMS<\/h2>\n\n\n\n<figure class=\"wp-block-image size-large is-resized\"><img decoding=\"async\" src=\"https:\/\/www.inteacosmetics.es\/128-large_default\/acondicionador-para-cabello-rubio-camomila-intea-reflejos-rubios.jpg\" alt=\"\" style=\"width:324px;height:324px\"\/><\/figure>\n\n\n\n<p><strong>Funzione<\/strong><\/p>\n\n\n\n<p><strong>Districa e ammorbidisce i capelli<\/strong>&nbsp;capelli biondi, migliorandone la pettinabilit\u00e0.<\/p>\n\n\n\n<p>Per restituire i nutrienti ai capelli biondi naturali o decolorati, lasciandoli lucidi, idratati e setosi.<\/p>\n\n\n\n<p>Il balsamo aiuta e protegge i capelli da fattori esterni come inquinamento, vento, sole, piscina, uso continuo di asciugacapelli e facilita la pettinabilit\u00e0.<\/p>\n\n\n\n<p><strong>Istruzioni per l'uso<\/strong><\/p>\n\n\n\n<p>Dopo lo shampoo Intea per riflessi biondi, applicare il balsamo su tutta la lunghezza dei capelli. Lasciare agire il prodotto per qualche minuto. Risciacquare con abbondante acqua.<\/p>\n\n\n\n<p><strong>Caratteristiche<\/strong><\/p>\n\n\n<div class=\"text-content-inner\">\n<p>- Specifico per tutti i tipi di capelli biondi grazie all'elevato estratto di fiori di camomilla<br>- L'ingrediente attivo del prodotto aiuta a idratare i capelli e dona loro lucentezza, luminosit\u00e0 e un tocco di morbidezza.<br>- Facilita la pettinatura e la districatura<\/p>\n\n<p>- Formula sviluppata da farmacisti<\/p>\n\n<p>- Senza parabeni<br>- Non testato sugli animali<\/p>\n<\/div>\n\n\n<div style=\"height:50px\" aria-hidden=\"true\" class=\"wp-block-spacer\"><\/div>\n\n\n\n<h2 class=\"wp-block-heading\">Shampoo speciale per capelli biondo-marroni CHAMOMILE PER BAMBINI Intea\u00ae BLOND REFLECTS. Delicato<\/h2>\n\n\n\n<figure class=\"wp-block-image size-full is-resized\"><img decoding=\"async\" width=\"1000\" height=\"1000\" src=\"https:\/\/inteacosmetics.com\/wp-content\/uploads\/2023\/05\/CHINF_FLASH.jpg\" alt=\"\" class=\"wp-image-690\" style=\"width:323px;height:323px\" srcset=\"https:\/\/inteacosmetics.com\/wp-content\/uploads\/2023\/05\/CHINF_FLASH.jpg 1000w, https:\/\/inteacosmetics.com\/wp-content\/uploads\/2023\/05\/CHINF_FLASH-300x300.jpg 300w, https:\/\/inteacosmetics.com\/wp-content\/uploads\/2023\/05\/CHINF_FLASH-150x150.jpg 150w, https:\/\/inteacosmetics.com\/wp-content\/uploads\/2023\/05\/CHINF_FLASH-768x768.jpg 768w, https:\/\/inteacosmetics.com\/wp-content\/uploads\/2023\/05\/CHINF_FLASH-12x12.jpg 12w\" sizes=\"(max-width: 1000px) 100vw, 1000px\" \/><\/figure>\n\n\n\n<p><strong>Funzione<\/strong><\/p>\n\n\n\n<p>Particolarmente indicato per il lavaggio dei capelli biondi dei bambini e per i capelli fini o delicati degli adulti. L'uso regolare produce una schiaritura delicata, una lucentezza intensa e riflessi biondi. Complemento ideale allo spray schiarente biondo per bambini Intea\u00ae per una migliore finitura.<\/p>\n\n\n\n<p><strong>Istruzioni per l'uso<\/strong><\/p>\n\n\n\n<p>Applicare sui capelli umidi con un leggero massaggio con la punta delle dita e lasciare in posa per qualche minuto. Sciacquare con abbondante acqua e ripetere l'operazione, risciacquando infine i capelli con abbondante acqua tiepida. Asciugare i capelli come di consueto.<\/p>\n\n\n\n<p>Se avete usato di recente le lozioni alla camomilla Intea\u00ae, vi consigliamo di usare il balsamo o la maschera per riflessi biondi Intea\u00ae dopo lo shampoo per un risultato biondo perfetto.<\/p>\n\n\n\n<p><strong>Caratteristiche<\/strong><\/p>\n\n\n<div class=\"text-content-inner\">\n<p>- Formulato dai farmacisti per i capelli dei bambini<\/p>\n\n<p>- Disponibile nel formato da 250 ml e 500 ml<\/p>\n\n<p>- Il principio attivo \u00e8 l'estratto naturale di fiori di camomilla.<br>- Non contiene perossido di idrogeno o coloranti chimici.<br>- Morbido e piacevole profumo di fiori di camomilla<br>- Per l'uso quotidiano<\/p>\n\n<p>- Senza siliconi e parabeni<br>- Non testato sugli animali<\/p>\n<\/div>\n\n\n<p><\/p>\n<\/div>\n<\/div>\n\n<p><\/p>\n\n<p><\/p>\n\n<p><\/p>\n\n<p><\/p>\n\n<p><\/p>\n\n<p><\/p>\n\n<p><\/p>\n<\/div>\n\n\n<div class=\"wp-block-group is-layout-constrained wp-block-group-is-layout-constrained\">\n<div style=\"height:100px\" aria-hidden=\"true\" class=\"wp-block-spacer\"><\/div>\n\n\n\n<div style=\"height:100px\" aria-hidden=\"true\" class=\"wp-block-spacer\"><\/div>\n\n\n\n<div style=\"height:100px\" aria-hidden=\"true\" class=\"wp-block-spacer\"><\/div>\n<\/div>","protected":false},"excerpt":{"rendered":"","protected":false},"author":1,"featured_media":0,"parent":0,"menu_order":0,"comment_status":"closed","ping_status":"closed","template":"","meta":{"footnotes":""},"class_list":["post-368","page","type-page","status-publish","hentry"],"yoast_head":"<!-- This site is optimized with the Yoast SEO plugin v27.4 - https:\/\/yoast.com\/product\/yoast-seo-wordpress\/ -->\n<title>Modo de empleo cuidado del cabello - inteacosmetics<\/title>\n<meta name=\"description\" content=\"Consejos y modo de empleo de los productos de Camomila Intea. Expertos en el cuidado y mantenimiento del cabello rubio.\" \/>\n<meta name=\"robots\" content=\"index, follow, max-snippet:-1, max-image-preview:large, max-video-preview:-1\" \/>\n<link rel=\"canonical\" href=\"https:\/\/inteacosmetics.com\/it\/modalita-di-impiego-3\/\" \/>\n<meta property=\"og:locale\" content=\"it_IT\" \/>\n<meta property=\"og:type\" content=\"article\" \/>\n<meta property=\"og:title\" content=\"Modo de empleo cuidado del cabello - inteacosmetics\" \/>\n<meta property=\"og:description\" content=\"Consejos y modo de empleo de los productos de Camomila Intea. Expertos en el cuidado y mantenimiento del cabello rubio.\" \/>\n<meta property=\"og:url\" content=\"https:\/\/inteacosmetics.com\/it\/modalita-di-impiego-3\/\" \/>\n<meta property=\"og:site_name\" content=\"inteacosmetics\" \/>\n<meta property=\"article:publisher\" content=\"https:\/\/inteacosmetics.com\/facebook.com\/inteacosmetics\" \/>\n<meta property=\"article:modified_time\" content=\"2025-02-11T11:33:54+00:00\" \/>\n<meta property=\"og:image\" content=\"https:\/\/inteacosmetics.com\/wp-content\/uploads\/2023\/05\/IO7A2064-683x1024.jpg\" \/>\n<meta name=\"twitter:card\" content=\"summary_large_image\" \/>\n<meta name=\"twitter:site\" content=\"@InteaCosmetics\" \/>\n<meta name=\"twitter:label1\" content=\"Tempo di lettura stimato\" \/>\n\t<meta name=\"twitter:data1\" content=\"10 minuti\" \/>\n<script type=\"application\/ld+json\" class=\"yoast-schema-graph\">{\"@context\":\"https:\\\/\\\/schema.org\",\"@graph\":[{\"@type\":\"WebPage\",\"@id\":\"https:\\\/\\\/inteacosmetics.com\\\/cuidado-del-cabello\\\/\",\"url\":\"https:\\\/\\\/inteacosmetics.com\\\/cuidado-del-cabello\\\/\",\"name\":\"Modo de empleo cuidado del cabello - inteacosmetics\",\"isPartOf\":{\"@id\":\"https:\\\/\\\/inteacosmetics.com\\\/#website\"},\"primaryImageOfPage\":{\"@id\":\"https:\\\/\\\/inteacosmetics.com\\\/cuidado-del-cabello\\\/#primaryimage\"},\"image\":{\"@id\":\"https:\\\/\\\/inteacosmetics.com\\\/cuidado-del-cabello\\\/#primaryimage\"},\"thumbnailUrl\":\"https:\\\/\\\/inteacosmetics.com\\\/wp-content\\\/uploads\\\/2023\\\/05\\\/IO7A2064-683x1024.jpg\",\"datePublished\":\"2023-03-03T13:31:19+00:00\",\"dateModified\":\"2025-02-11T11:33:54+00:00\",\"description\":\"Consejos y modo de empleo de los productos de Camomila Intea. Expertos en el cuidado y mantenimiento del cabello rubio.\",\"breadcrumb\":{\"@id\":\"https:\\\/\\\/inteacosmetics.com\\\/cuidado-del-cabello\\\/#breadcrumb\"},\"inLanguage\":\"it-IT\",\"potentialAction\":[{\"@type\":\"ReadAction\",\"target\":[\"https:\\\/\\\/inteacosmetics.com\\\/cuidado-del-cabello\\\/\"]}]},{\"@type\":\"ImageObject\",\"inLanguage\":\"it-IT\",\"@id\":\"https:\\\/\\\/inteacosmetics.com\\\/cuidado-del-cabello\\\/#primaryimage\",\"url\":\"https:\\\/\\\/inteacosmetics.com\\\/wp-content\\\/uploads\\\/2023\\\/05\\\/IO7A2064-683x1024.jpg\",\"contentUrl\":\"https:\\\/\\\/inteacosmetics.com\\\/wp-content\\\/uploads\\\/2023\\\/05\\\/IO7A2064-683x1024.jpg\"},{\"@type\":\"BreadcrumbList\",\"@id\":\"https:\\\/\\\/inteacosmetics.com\\\/cuidado-del-cabello\\\/#breadcrumb\",\"itemListElement\":[{\"@type\":\"ListItem\",\"position\":1,\"name\":\"Portada\",\"item\":\"https:\\\/\\\/inteacosmetics.com\\\/\"},{\"@type\":\"ListItem\",\"position\":2,\"name\":\"Modo de empleo cuidado del cabello\"}]},{\"@type\":\"WebSite\",\"@id\":\"https:\\\/\\\/inteacosmetics.com\\\/#website\",\"url\":\"https:\\\/\\\/inteacosmetics.com\\\/\",\"name\":\"inteacosmetics\",\"description\":\"\",\"publisher\":{\"@id\":\"https:\\\/\\\/inteacosmetics.com\\\/#organization\"},\"potentialAction\":[{\"@type\":\"SearchAction\",\"target\":{\"@type\":\"EntryPoint\",\"urlTemplate\":\"https:\\\/\\\/inteacosmetics.com\\\/?s={search_term_string}\"},\"query-input\":{\"@type\":\"PropertyValueSpecification\",\"valueRequired\":true,\"valueName\":\"search_term_string\"}}],\"inLanguage\":\"it-IT\"},{\"@type\":\"Organization\",\"@id\":\"https:\\\/\\\/inteacosmetics.com\\\/#organization\",\"name\":\"inteacosmetics\",\"url\":\"https:\\\/\\\/inteacosmetics.com\\\/\",\"logo\":{\"@type\":\"ImageObject\",\"inLanguage\":\"it-IT\",\"@id\":\"https:\\\/\\\/inteacosmetics.com\\\/#\\\/schema\\\/logo\\\/image\\\/\",\"url\":\"https:\\\/\\\/inteacosmetics.com\\\/wp-content\\\/uploads\\\/2022\\\/12\\\/cropped-logo_intea500x500.jpg\",\"contentUrl\":\"https:\\\/\\\/inteacosmetics.com\\\/wp-content\\\/uploads\\\/2022\\\/12\\\/cropped-logo_intea500x500.jpg\",\"width\":500,\"height\":500,\"caption\":\"inteacosmetics\"},\"image\":{\"@id\":\"https:\\\/\\\/inteacosmetics.com\\\/#\\\/schema\\\/logo\\\/image\\\/\"},\"sameAs\":[\"https:\\\/\\\/inteacosmetics.com\\\/facebook.com\\\/inteacosmetics\",\"https:\\\/\\\/x.com\\\/InteaCosmetics\",\"https:\\\/\\\/instagram.com\\\/intea_spain\"]}]}<\/script>\n<!-- \/ Yoast SEO plugin. -->","yoast_head_json":{"title":"Indicazioni per la cura dei capelli - inteacosmetics","description":"Consigli e istruzioni per l'uso dei prodotti Intea alla camomilla. Esperti nella cura e nel mantenimento dei capelli biondi.","robots":{"index":"index","follow":"follow","max-snippet":"max-snippet:-1","max-image-preview":"max-image-preview:large","max-video-preview":"max-video-preview:-1"},"canonical":"https:\/\/inteacosmetics.com\/it\/modalita-di-impiego-3\/","og_locale":"it_IT","og_type":"article","og_title":"Modo de empleo cuidado del cabello - inteacosmetics","og_description":"Consejos y modo de empleo de los productos de Camomila Intea. Expertos en el cuidado y mantenimiento del cabello rubio.","og_url":"https:\/\/inteacosmetics.com\/it\/modalita-di-impiego-3\/","og_site_name":"inteacosmetics","article_publisher":"https:\/\/inteacosmetics.com\/facebook.com\/inteacosmetics","article_modified_time":"2025-02-11T11:33:54+00:00","og_image":[{"url":"https:\/\/inteacosmetics.com\/wp-content\/uploads\/2023\/05\/IO7A2064-683x1024.jpg","type":"","width":"","height":""}],"twitter_card":"summary_large_image","twitter_site":"@InteaCosmetics","twitter_misc":{"Tempo di lettura stimato":"10 minuti"},"schema":{"@context":"https:\/\/schema.org","@graph":[{"@type":"WebPage","@id":"https:\/\/inteacosmetics.com\/cuidado-del-cabello\/","url":"https:\/\/inteacosmetics.com\/cuidado-del-cabello\/","name":"Indicazioni per la cura dei capelli - inteacosmetics","isPartOf":{"@id":"https:\/\/inteacosmetics.com\/#website"},"primaryImageOfPage":{"@id":"https:\/\/inteacosmetics.com\/cuidado-del-cabello\/#primaryimage"},"image":{"@id":"https:\/\/inteacosmetics.com\/cuidado-del-cabello\/#primaryimage"},"thumbnailUrl":"https:\/\/inteacosmetics.com\/wp-content\/uploads\/2023\/05\/IO7A2064-683x1024.jpg","datePublished":"2023-03-03T13:31:19+00:00","dateModified":"2025-02-11T11:33:54+00:00","description":"Consigli e istruzioni per l'uso dei prodotti Intea alla camomilla. Esperti nella cura e nel mantenimento dei capelli biondi.","breadcrumb":{"@id":"https:\/\/inteacosmetics.com\/cuidado-del-cabello\/#breadcrumb"},"inLanguage":"it-IT","potentialAction":[{"@type":"ReadAction","target":["https:\/\/inteacosmetics.com\/cuidado-del-cabello\/"]}]},{"@type":"ImageObject","inLanguage":"it-IT","@id":"https:\/\/inteacosmetics.com\/cuidado-del-cabello\/#primaryimage","url":"https:\/\/inteacosmetics.com\/wp-content\/uploads\/2023\/05\/IO7A2064-683x1024.jpg","contentUrl":"https:\/\/inteacosmetics.com\/wp-content\/uploads\/2023\/05\/IO7A2064-683x1024.jpg"},{"@type":"BreadcrumbList","@id":"https:\/\/inteacosmetics.com\/cuidado-del-cabello\/#breadcrumb","itemListElement":[{"@type":"ListItem","position":1,"name":"Portada","item":"https:\/\/inteacosmetics.com\/"},{"@type":"ListItem","position":2,"name":"Modo de empleo cuidado del cabello"}]},{"@type":"WebSite","@id":"https:\/\/inteacosmetics.com\/#website","url":"https:\/\/inteacosmetics.com\/","name":"inteacosmetici","description":"","publisher":{"@id":"https:\/\/inteacosmetics.com\/#organization"},"potentialAction":[{"@type":"SearchAction","target":{"@type":"EntryPoint","urlTemplate":"https:\/\/inteacosmetics.com\/?s={search_term_string}"},"query-input":{"@type":"PropertyValueSpecification","valueRequired":true,"valueName":"search_term_string"}}],"inLanguage":"it-IT"},{"@type":"Organization","@id":"https:\/\/inteacosmetics.com\/#organization","name":"inteacosmetici","url":"https:\/\/inteacosmetics.com\/","logo":{"@type":"ImageObject","inLanguage":"it-IT","@id":"https:\/\/inteacosmetics.com\/#\/schema\/logo\/image\/","url":"https:\/\/inteacosmetics.com\/wp-content\/uploads\/2022\/12\/cropped-logo_intea500x500.jpg","contentUrl":"https:\/\/inteacosmetics.com\/wp-content\/uploads\/2022\/12\/cropped-logo_intea500x500.jpg","width":500,"height":500,"caption":"inteacosmetics"},"image":{"@id":"https:\/\/inteacosmetics.com\/#\/schema\/logo\/image\/"},"sameAs":["https:\/\/inteacosmetics.com\/facebook.com\/inteacosmetics","https:\/\/x.com\/InteaCosmetics","https:\/\/instagram.com\/intea_spain"]}]}},"_links":{"self":[{"href":"https:\/\/inteacosmetics.com\/it\/wp-json\/wp\/v2\/pages\/368","targetHints":{"allow":["GET"]}}],"collection":[{"href":"https:\/\/inteacosmetics.com\/it\/wp-json\/wp\/v2\/pages"}],"about":[{"href":"https:\/\/inteacosmetics.com\/it\/wp-json\/wp\/v2\/types\/page"}],"author":[{"embeddable":true,"href":"https:\/\/inteacosmetics.com\/it\/wp-json\/wp\/v2\/users\/1"}],"replies":[{"embeddable":true,"href":"https:\/\/inteacosmetics.com\/it\/wp-json\/wp\/v2\/comments?post=368"}],"version-history":[{"count":20,"href":"https:\/\/inteacosmetics.com\/it\/wp-json\/wp\/v2\/pages\/368\/revisions"}],"predecessor-version":[{"id":1270,"href":"https:\/\/inteacosmetics.com\/it\/wp-json\/wp\/v2\/pages\/368\/revisions\/1270"}],"wp:attachment":[{"href":"https:\/\/inteacosmetics.com\/it\/wp-json\/wp\/v2\/media?parent=368"}],"curies":[{"name":"wp","href":"https:\/\/api.w.org\/{rel}","templated":true}]}}