{"id":905,"date":"2023-06-22T09:46:11","date_gmt":"2023-06-22T09:46:11","guid":{"rendered":"https:\/\/inteacosmetics.com\/?page_id=905"},"modified":"2023-06-22T09:51:45","modified_gmt":"2023-06-22T09:51:45","slug":"politique-de-qualite","status":"publish","type":"page","link":"https:\/\/inteacosmetics.com\/fr\/politique-de-qualite\/","title":{"rendered":"Politique de qualit\u00e9"},"content":{"rendered":"<p><strong>DUARTE Y BELTR\u00c1N, S.A.<\/strong>\u00a0est une entreprise familiale fond\u00e9e en 1979, continuation de l'entreprise individuelle INTEA P. BELTR\u00c1N qui, depuis 1915, s'est sp\u00e9cialis\u00e9e dans la cr\u00e9ation et le d\u00e9veloppement de produits cosm\u00e9tiques \u00e0 base de composants naturels de haute qualit\u00e9, et qui est actuellement propri\u00e9taire de l'entreprise INTEA<sup>\u00ae<\/sup>.<\/p>\n\n\n\n<div style=\"height:25px\" aria-hidden=\"true\" class=\"wp-block-spacer\"><\/div>\n\n\n\n<p>Notre entreprise se caract\u00e9rise par une recherche constante d'am\u00e9lioration du produit que nous offrons \u00e0 nos clients. C'est pourquoi le point de vue de nos clients et consommateurs finaux doit \u00eatre connu de toute l'entreprise et doit \u00eatre mesur\u00e9 afin de pouvoir \u00e9valuer leur degr\u00e9 de satisfaction.<\/p>\n\n\n\n<div style=\"height:25px\" aria-hidden=\"true\" class=\"wp-block-spacer\"><\/div>\n\n\n\n<p><\/p>\n\n\n\n<p>La comp\u00e9titivit\u00e9 des\u00a0<strong>DUARTE Y BELTR\u00c1N, S.A.<\/strong>\u00a0est absolument n\u00e9cessaire pour notre permanence sur le march\u00e9 et c'est pourquoi le syst\u00e8me de gestion de la qualit\u00e9 mis en \u0153uvre, conform\u00e9ment \u00e0 la norme UNE EN ISO 9001:2015, doit viser \u00e0 obtenir la satisfaction des clients, des consommateurs finaux et des employ\u00e9s. En m\u00eame temps, il doit permettre l'optimisation globale des ressources de l'entreprise, en r\u00e9pondant \u00e0 toutes les exigences d\u00e9termin\u00e9es par le client, en \u00e9tablissant des prix comp\u00e9titifs, en fournissant un produit optimal et en respectant fid\u00e8lement les d\u00e9lais de livraison.<\/p>\n\n\n\n<div style=\"height:25px\" aria-hidden=\"true\" class=\"wp-block-spacer\"><\/div>\n\n\n\n<p><\/p>\n\n\n\n<p><strong>DUARTE Y BELTR\u00c1N, S.A.<\/strong>\u00a0s'engage sur la voie de l'am\u00e9lioration continue en int\u00e9grant le cycle de planification, d'ex\u00e9cution, de v\u00e9rification et d'analyse dans le syst\u00e8me de gestion de la qualit\u00e9, afin de faire les choses correctement, d\u00e8s la premi\u00e8re fois et avec la qualit\u00e9 requise.<\/p>\n\n\n\n<div style=\"height:25px\" aria-hidden=\"true\" class=\"wp-block-spacer\"><\/div>\n\n\n\n<p><\/p>\n\n\n\n<p>La qualit\u00e9 est fabriqu\u00e9e \u00e0 chaque poste de travail de l'entreprise, depuis le personnel de vente qui recueille les besoins du client, jusqu'au personnel qui traite, pr\u00e9pare et exp\u00e9die les commandes, ce qui signifie que la collaboration et l'engagement de tous les membres de l'entreprise sont n\u00e9cessaires pour satisfaire \u00e0 cette politique de qualit\u00e9.<\/p>\n\n\n\n<div style=\"height:25px\" aria-hidden=\"true\" class=\"wp-block-spacer\"><\/div>\n\n\n\n<p><\/p>\n\n\n\n<p>L'am\u00e9lioration de la qualit\u00e9 est avant tout une responsabilit\u00e9 de la direction, qui s'engage donc \u00e0.. :<\/p>\n\n\n\n<p>- Fixer chaque ann\u00e9e des objectifs quantifiables d\u00e9coulant de la pr\u00e9sente politique de qualit\u00e9.<\/p>\n\n\n\n<p>- Fournir les ressources humaines, techniques et mat\u00e9rielles n\u00e9cessaires, ainsi qu'une formation ad\u00e9quate au personnel pour qu'il puisse accomplir ses t\u00e2ches avec le niveau de qualit\u00e9 requis.<\/p>\n\n\n\n<p>- Veiller \u00e0 la mise en \u0153uvre, au respect et \u00e0 l'efficacit\u00e9 de la pr\u00e9sente politique, en la faisant conna\u00eetre \u00e0 tous les membres de l'entreprise, ainsi qu'\u00e0 ses fournisseurs, \u00e0 ses collaborateurs et au grand public, en s'assurant qu'elle est comprise et en la r\u00e9examinant chaque ann\u00e9e pour v\u00e9rifier qu'elle est adapt\u00e9e \u00e0 l'objectif de l'entreprise.<\/p>\n\n\n\n<div style=\"height:25px\" aria-hidden=\"true\" class=\"wp-block-spacer\"><\/div>\n\n\n\n<div style=\"height:73px\" aria-hidden=\"true\" class=\"wp-block-spacer\"><\/div>\n\n\n\n<p class=\"has-text-align-right\"><strong>Jos\u00e9 Ignacio Beltr\u00e1n Pi\u00f1eiro<\/strong><\/p>\n\n\n\n<p class=\"has-text-align-right\">Directeur g\u00e9n\u00e9ral<\/p>\n\n\n\n<p class=\"has-text-align-right\">\u00c0 Santander, le 11 septembre 2007<\/p>","protected":false},"excerpt":{"rendered":"<p>DUARTE Y BELTR\u00c1N, S.A. est une entreprise familiale fond\u00e9e en 1979, dans la continuit\u00e9 de l'entreprise individuelle INTEA P. BELTR\u00c1N qui, depuis 1915, s'est sp\u00e9cialis\u00e9e dans la cr\u00e9ation et le d\u00e9veloppement de produits cosm\u00e9tiques \u00e0 base de composants naturels de haute qualit\u00e9, et qui est actuellement propri\u00e9taire des marques et des brevets INTEA\u00ae. Notre entreprise se caract\u00e9rise par une recherche constante de l'am\u00e9lioration du produit que nous offrons \u00e0 nos clients. C'est pourquoi le point de vue de nos clients et des consommateurs finaux doit \u00eatre connu de toute l'entreprise et doit \u00eatre mesur\u00e9 afin de pouvoir \u00e9valuer leur degr\u00e9 de satisfaction. La comp\u00e9titivit\u00e9 de DUARTE Y<\/p>","protected":false},"author":1,"featured_media":0,"parent":0,"menu_order":0,"comment_status":"closed","ping_status":"closed","template":"","meta":{"footnotes":""},"class_list":["post-905","page","type-page","status-publish","hentry"],"yoast_head":"<!-- This site is optimized with the Yoast SEO plugin v27.4 - https:\/\/yoast.com\/product\/yoast-seo-wordpress\/ -->\n<title>Pol\u00edtica de calidad - inteacosmetics<\/title>\n<meta name=\"robots\" content=\"index, follow, max-snippet:-1, max-image-preview:large, max-video-preview:-1\" \/>\n<link rel=\"canonical\" href=\"https:\/\/inteacosmetics.com\/fr\/politique-de-qualite\/\" \/>\n<meta property=\"og:locale\" content=\"fr_FR\" \/>\n<meta property=\"og:type\" content=\"article\" \/>\n<meta property=\"og:title\" content=\"Pol\u00edtica de calidad - inteacosmetics\" \/>\n<meta property=\"og:description\" content=\"DUARTE Y BELTR\u00c1N, S.A.\u00a0es una compa\u00f1\u00eda familiar fundada en el a\u00f1o 1.979, continuadora de la empresa individual INTEA P. BELTR\u00c1N que, desde 1.915, se ha especializado en la creaci\u00f3n y desarrollo de productos cosm\u00e9ticos elaborados con componentes naturales de alta calidad, siendo actualmente propietaria de las marcas y patentes INTEA\u00ae. Nuestra empresa se caracteriza por una constante b\u00fasqueda de la mejora del producto que ofrecemos a nuestros clientes. Por ello, el punto de vista de nuestros clientes y consumidores finales debe conocerse en toda la empresa y debe medirse para poder evaluar su grado de satisfacci\u00f3n. La competitividad de\u00a0DUARTE Y\" \/>\n<meta property=\"og:url\" content=\"https:\/\/inteacosmetics.com\/fr\/politique-de-qualite\/\" \/>\n<meta property=\"og:site_name\" content=\"inteacosmetics\" \/>\n<meta property=\"article:publisher\" content=\"https:\/\/inteacosmetics.com\/facebook.com\/inteacosmetics\" \/>\n<meta property=\"article:modified_time\" content=\"2023-06-22T09:51:45+00:00\" \/>\n<meta property=\"og:image\" content=\"https:\/\/inteacosmetics.com\/wp-content\/uploads\/2022\/12\/cropped-logo_intea500x500.jpg\" \/>\n\t<meta property=\"og:image:width\" content=\"500\" \/>\n\t<meta property=\"og:image:height\" content=\"500\" \/>\n\t<meta property=\"og:image:type\" content=\"image\/jpeg\" \/>\n<meta name=\"twitter:card\" content=\"summary_large_image\" \/>\n<meta name=\"twitter:site\" content=\"@InteaCosmetics\" \/>\n<meta name=\"twitter:label1\" content=\"Dur\u00e9e de lecture estim\u00e9e\" \/>\n\t<meta name=\"twitter:data1\" content=\"2 minutes\" \/>\n<script type=\"application\/ld+json\" class=\"yoast-schema-graph\">{\"@context\":\"https:\\\/\\\/schema.org\",\"@graph\":[{\"@type\":\"WebPage\",\"@id\":\"https:\\\/\\\/inteacosmetics.com\\\/politica-de-calidad\\\/\",\"url\":\"https:\\\/\\\/inteacosmetics.com\\\/politica-de-calidad\\\/\",\"name\":\"Pol\u00edtica de calidad - inteacosmetics\",\"isPartOf\":{\"@id\":\"https:\\\/\\\/inteacosmetics.com\\\/#website\"},\"datePublished\":\"2023-06-22T09:46:11+00:00\",\"dateModified\":\"2023-06-22T09:51:45+00:00\",\"breadcrumb\":{\"@id\":\"https:\\\/\\\/inteacosmetics.com\\\/politica-de-calidad\\\/#breadcrumb\"},\"inLanguage\":\"fr-FR\",\"potentialAction\":[{\"@type\":\"ReadAction\",\"target\":[\"https:\\\/\\\/inteacosmetics.com\\\/politica-de-calidad\\\/\"]}]},{\"@type\":\"BreadcrumbList\",\"@id\":\"https:\\\/\\\/inteacosmetics.com\\\/politica-de-calidad\\\/#breadcrumb\",\"itemListElement\":[{\"@type\":\"ListItem\",\"position\":1,\"name\":\"Portada\",\"item\":\"https:\\\/\\\/inteacosmetics.com\\\/\"},{\"@type\":\"ListItem\",\"position\":2,\"name\":\"Pol\u00edtica de calidad\"}]},{\"@type\":\"WebSite\",\"@id\":\"https:\\\/\\\/inteacosmetics.com\\\/#website\",\"url\":\"https:\\\/\\\/inteacosmetics.com\\\/\",\"name\":\"inteacosmetics\",\"description\":\"\",\"publisher\":{\"@id\":\"https:\\\/\\\/inteacosmetics.com\\\/#organization\"},\"potentialAction\":[{\"@type\":\"SearchAction\",\"target\":{\"@type\":\"EntryPoint\",\"urlTemplate\":\"https:\\\/\\\/inteacosmetics.com\\\/?s={search_term_string}\"},\"query-input\":{\"@type\":\"PropertyValueSpecification\",\"valueRequired\":true,\"valueName\":\"search_term_string\"}}],\"inLanguage\":\"fr-FR\"},{\"@type\":\"Organization\",\"@id\":\"https:\\\/\\\/inteacosmetics.com\\\/#organization\",\"name\":\"inteacosmetics\",\"url\":\"https:\\\/\\\/inteacosmetics.com\\\/\",\"logo\":{\"@type\":\"ImageObject\",\"inLanguage\":\"fr-FR\",\"@id\":\"https:\\\/\\\/inteacosmetics.com\\\/#\\\/schema\\\/logo\\\/image\\\/\",\"url\":\"https:\\\/\\\/inteacosmetics.com\\\/wp-content\\\/uploads\\\/2022\\\/12\\\/cropped-logo_intea500x500.jpg\",\"contentUrl\":\"https:\\\/\\\/inteacosmetics.com\\\/wp-content\\\/uploads\\\/2022\\\/12\\\/cropped-logo_intea500x500.jpg\",\"width\":500,\"height\":500,\"caption\":\"inteacosmetics\"},\"image\":{\"@id\":\"https:\\\/\\\/inteacosmetics.com\\\/#\\\/schema\\\/logo\\\/image\\\/\"},\"sameAs\":[\"https:\\\/\\\/inteacosmetics.com\\\/facebook.com\\\/inteacosmetics\",\"https:\\\/\\\/x.com\\\/InteaCosmetics\",\"https:\\\/\\\/instagram.com\\\/intea_spain\"]}]}<\/script>\n<!-- \/ Yoast SEO plugin. -->","yoast_head_json":{"title":"Politique de qualit\u00e9 - inteacosmetics","robots":{"index":"index","follow":"follow","max-snippet":"max-snippet:-1","max-image-preview":"max-image-preview:large","max-video-preview":"max-video-preview:-1"},"canonical":"https:\/\/inteacosmetics.com\/fr\/politique-de-qualite\/","og_locale":"fr_FR","og_type":"article","og_title":"Pol\u00edtica de calidad - inteacosmetics","og_description":"DUARTE Y BELTR\u00c1N, S.A.\u00a0es una compa\u00f1\u00eda familiar fundada en el a\u00f1o 1.979, continuadora de la empresa individual INTEA P. BELTR\u00c1N que, desde 1.915, se ha especializado en la creaci\u00f3n y desarrollo de productos cosm\u00e9ticos elaborados con componentes naturales de alta calidad, siendo actualmente propietaria de las marcas y patentes INTEA\u00ae. Nuestra empresa se caracteriza por una constante b\u00fasqueda de la mejora del producto que ofrecemos a nuestros clientes. Por ello, el punto de vista de nuestros clientes y consumidores finales debe conocerse en toda la empresa y debe medirse para poder evaluar su grado de satisfacci\u00f3n. La competitividad de\u00a0DUARTE Y","og_url":"https:\/\/inteacosmetics.com\/fr\/politique-de-qualite\/","og_site_name":"inteacosmetics","article_publisher":"https:\/\/inteacosmetics.com\/facebook.com\/inteacosmetics","article_modified_time":"2023-06-22T09:51:45+00:00","og_image":[{"width":500,"height":500,"url":"https:\/\/inteacosmetics.com\/wp-content\/uploads\/2022\/12\/cropped-logo_intea500x500.jpg","type":"image\/jpeg"}],"twitter_card":"summary_large_image","twitter_site":"@InteaCosmetics","twitter_misc":{"Dur\u00e9e de lecture estim\u00e9e":"2 minutes"},"schema":{"@context":"https:\/\/schema.org","@graph":[{"@type":"WebPage","@id":"https:\/\/inteacosmetics.com\/politica-de-calidad\/","url":"https:\/\/inteacosmetics.com\/politica-de-calidad\/","name":"Politique de qualit\u00e9 - inteacosmetics","isPartOf":{"@id":"https:\/\/inteacosmetics.com\/#website"},"datePublished":"2023-06-22T09:46:11+00:00","dateModified":"2023-06-22T09:51:45+00:00","breadcrumb":{"@id":"https:\/\/inteacosmetics.com\/politica-de-calidad\/#breadcrumb"},"inLanguage":"fr-FR","potentialAction":[{"@type":"ReadAction","target":["https:\/\/inteacosmetics.com\/politica-de-calidad\/"]}]},{"@type":"BreadcrumbList","@id":"https:\/\/inteacosmetics.com\/politica-de-calidad\/#breadcrumb","itemListElement":[{"@type":"ListItem","position":1,"name":"Portada","item":"https:\/\/inteacosmetics.com\/"},{"@type":"ListItem","position":2,"name":"Pol\u00edtica de calidad"}]},{"@type":"WebSite","@id":"https:\/\/inteacosmetics.com\/#website","url":"https:\/\/inteacosmetics.com\/","name":"inteacosmetics","description":"","publisher":{"@id":"https:\/\/inteacosmetics.com\/#organization"},"potentialAction":[{"@type":"SearchAction","target":{"@type":"EntryPoint","urlTemplate":"https:\/\/inteacosmetics.com\/?s={search_term_string}"},"query-input":{"@type":"PropertyValueSpecification","valueRequired":true,"valueName":"search_term_string"}}],"inLanguage":"fr-FR"},{"@type":"Organization","@id":"https:\/\/inteacosmetics.com\/#organization","name":"inteacosmetics","url":"https:\/\/inteacosmetics.com\/","logo":{"@type":"ImageObject","inLanguage":"fr-FR","@id":"https:\/\/inteacosmetics.com\/#\/schema\/logo\/image\/","url":"https:\/\/inteacosmetics.com\/wp-content\/uploads\/2022\/12\/cropped-logo_intea500x500.jpg","contentUrl":"https:\/\/inteacosmetics.com\/wp-content\/uploads\/2022\/12\/cropped-logo_intea500x500.jpg","width":500,"height":500,"caption":"inteacosmetics"},"image":{"@id":"https:\/\/inteacosmetics.com\/#\/schema\/logo\/image\/"},"sameAs":["https:\/\/inteacosmetics.com\/facebook.com\/inteacosmetics","https:\/\/x.com\/InteaCosmetics","https:\/\/instagram.com\/intea_spain"]}]}},"_links":{"self":[{"href":"https:\/\/inteacosmetics.com\/fr\/wp-json\/wp\/v2\/pages\/905","targetHints":{"allow":["GET"]}}],"collection":[{"href":"https:\/\/inteacosmetics.com\/fr\/wp-json\/wp\/v2\/pages"}],"about":[{"href":"https:\/\/inteacosmetics.com\/fr\/wp-json\/wp\/v2\/types\/page"}],"author":[{"embeddable":true,"href":"https:\/\/inteacosmetics.com\/fr\/wp-json\/wp\/v2\/users\/1"}],"replies":[{"embeddable":true,"href":"https:\/\/inteacosmetics.com\/fr\/wp-json\/wp\/v2\/comments?post=905"}],"version-history":[{"count":5,"href":"https:\/\/inteacosmetics.com\/fr\/wp-json\/wp\/v2\/pages\/905\/revisions"}],"predecessor-version":[{"id":914,"href":"https:\/\/inteacosmetics.com\/fr\/wp-json\/wp\/v2\/pages\/905\/revisions\/914"}],"wp:attachment":[{"href":"https:\/\/inteacosmetics.com\/fr\/wp-json\/wp\/v2\/media?parent=905"}],"curies":[{"name":"wp","href":"https:\/\/api.w.org\/{rel}","templated":true}]}}