{"id":456,"date":"2023-03-13T10:16:47","date_gmt":"2023-03-13T10:16:47","guid":{"rendered":"https:\/\/inteacosmetics.com\/como-cuidar-y-mantener-el-cabello-rubio-2\/"},"modified":"2025-02-12T12:52:34","modified_gmt":"2025-02-12T12:52:34","slug":"comment-eclaircir-les-cheveux-et-les-dissimuler","status":"publish","type":"page","link":"https:\/\/inteacosmetics.com\/fr\/comment-eclaircir-les-cheveux-et-les-dissimuler\/","title":{"rendered":"Comment dissimuler les poils et \u00e9viter l'\u00e9pilation"},"content":{"rendered":"<div class=\"wp-block-group is-style-customboxshadowtwo is-layout-constrained wp-container-core-group-is-layout-46b365e2 wp-block-group-is-layout-constrained\" style=\"border-style:none;border-width:0px;border-radius:0px;padding-top:0;padding-right:0;padding-bottom:0;padding-left:0\">\n<div class=\"wp-block-columns is-layout-flex wp-container-core-columns-is-layout-28f84493 wp-block-columns-is-layout-flex\">\n<div class=\"wp-block-column is-layout-flow wp-block-column-is-layout-flow\" style=\"flex-basis:100%\"><\/div>\n<\/div>\n\n\n\n\n\n\n\n\n\n\n\n<div class=\"wp-block-columns is-layout-flex wp-container-core-columns-is-layout-28f84493 wp-block-columns-is-layout-flex\">\n<div class=\"wp-block-column is-layout-flow wp-block-column-is-layout-flow\" style=\"flex-basis:100%\"><\/div>\n<\/div>\n\n\n\n\n<\/div>","protected":false},"excerpt":{"rendered":"","protected":false},"author":1,"featured_media":0,"parent":0,"menu_order":0,"comment_status":"closed","ping_status":"closed","template":"template-basic","meta":{"footnotes":""},"class_list":["post-456","page","type-page","status-publish","hentry"],"yoast_head":"<!-- This site is optimized with the Yoast SEO plugin v27.4 - https:\/\/yoast.com\/product\/yoast-seo-wordpress\/ -->\n<title>C\u00f3mo disimular el vello y evitar depilaciones - inteacosmetics<\/title>\n<meta name=\"description\" content=\"Como cuidar y mantener todos los cabellos rubios naturales, te\u00f1idos, con mechas, aclarados, con tratamiento, etc\" \/>\n<meta name=\"robots\" content=\"index, follow, max-snippet:-1, max-image-preview:large, max-video-preview:-1\" \/>\n<link rel=\"canonical\" href=\"https:\/\/inteacosmetics.com\/fr\/comment-eclaircir-les-cheveux-et-les-dissimuler\/\" \/>\n<meta property=\"og:locale\" content=\"fr_FR\" \/>\n<meta property=\"og:type\" content=\"article\" \/>\n<meta property=\"og:title\" content=\"C\u00f3mo disimular el vello y evitar depilaciones - inteacosmetics\" \/>\n<meta property=\"og:description\" content=\"Como cuidar y mantener todos los cabellos rubios naturales, te\u00f1idos, con mechas, aclarados, con tratamiento, etc\" \/>\n<meta property=\"og:url\" content=\"https:\/\/inteacosmetics.com\/fr\/comment-eclaircir-les-cheveux-et-les-dissimuler\/\" \/>\n<meta property=\"og:site_name\" content=\"inteacosmetics\" \/>\n<meta property=\"article:publisher\" content=\"https:\/\/inteacosmetics.com\/facebook.com\/inteacosmetics\" \/>\n<meta property=\"article:modified_time\" content=\"2025-02-12T12:52:34+00:00\" \/>\n<meta property=\"og:image\" content=\"https:\/\/inteacosmetics.com\/wp-content\/uploads\/2023\/05\/LCCV_FLASH.jpg\" \/>\n<meta name=\"twitter:card\" content=\"summary_large_image\" \/>\n<meta name=\"twitter:site\" content=\"@InteaCosmetics\" \/>\n<meta name=\"twitter:label1\" content=\"Dur\u00e9e de lecture estim\u00e9e\" \/>\n\t<meta name=\"twitter:data1\" content=\"4 minutes\" \/>\n<script type=\"application\/ld+json\" class=\"yoast-schema-graph\">{\"@context\":\"https:\\\/\\\/schema.org\",\"@graph\":[{\"@type\":\"WebPage\",\"@id\":\"https:\\\/\\\/inteacosmetics.com\\\/como-aclarar-el-vello-y-disimularlo\\\/\",\"url\":\"https:\\\/\\\/inteacosmetics.com\\\/como-aclarar-el-vello-y-disimularlo\\\/\",\"name\":\"C\u00f3mo disimular el vello y evitar depilaciones - inteacosmetics\",\"isPartOf\":{\"@id\":\"https:\\\/\\\/inteacosmetics.com\\\/#website\"},\"primaryImageOfPage\":{\"@id\":\"https:\\\/\\\/inteacosmetics.com\\\/como-aclarar-el-vello-y-disimularlo\\\/#primaryimage\"},\"image\":{\"@id\":\"https:\\\/\\\/inteacosmetics.com\\\/como-aclarar-el-vello-y-disimularlo\\\/#primaryimage\"},\"thumbnailUrl\":\"https:\\\/\\\/inteacosmetics.com\\\/wp-content\\\/uploads\\\/2023\\\/05\\\/LCCV_FLASH.jpg\",\"datePublished\":\"2023-03-13T10:16:47+00:00\",\"dateModified\":\"2025-02-12T12:52:34+00:00\",\"description\":\"Como cuidar y mantener todos los cabellos rubios naturales, te\u00f1idos, con mechas, aclarados, con tratamiento, etc\",\"breadcrumb\":{\"@id\":\"https:\\\/\\\/inteacosmetics.com\\\/como-aclarar-el-vello-y-disimularlo\\\/#breadcrumb\"},\"inLanguage\":\"fr-FR\",\"potentialAction\":[{\"@type\":\"ReadAction\",\"target\":[\"https:\\\/\\\/inteacosmetics.com\\\/como-aclarar-el-vello-y-disimularlo\\\/\"]}]},{\"@type\":\"ImageObject\",\"inLanguage\":\"fr-FR\",\"@id\":\"https:\\\/\\\/inteacosmetics.com\\\/como-aclarar-el-vello-y-disimularlo\\\/#primaryimage\",\"url\":\"https:\\\/\\\/inteacosmetics.com\\\/wp-content\\\/uploads\\\/2023\\\/05\\\/LCCV_FLASH.jpg\",\"contentUrl\":\"https:\\\/\\\/inteacosmetics.com\\\/wp-content\\\/uploads\\\/2023\\\/05\\\/LCCV_FLASH.jpg\"},{\"@type\":\"BreadcrumbList\",\"@id\":\"https:\\\/\\\/inteacosmetics.com\\\/como-aclarar-el-vello-y-disimularlo\\\/#breadcrumb\",\"itemListElement\":[{\"@type\":\"ListItem\",\"position\":1,\"name\":\"Portada\",\"item\":\"https:\\\/\\\/inteacosmetics.com\\\/\"},{\"@type\":\"ListItem\",\"position\":2,\"name\":\"C\u00f3mo disimular el vello y evitar depilaciones\"}]},{\"@type\":\"WebSite\",\"@id\":\"https:\\\/\\\/inteacosmetics.com\\\/#website\",\"url\":\"https:\\\/\\\/inteacosmetics.com\\\/\",\"name\":\"inteacosmetics\",\"description\":\"\",\"publisher\":{\"@id\":\"https:\\\/\\\/inteacosmetics.com\\\/#organization\"},\"potentialAction\":[{\"@type\":\"SearchAction\",\"target\":{\"@type\":\"EntryPoint\",\"urlTemplate\":\"https:\\\/\\\/inteacosmetics.com\\\/?s={search_term_string}\"},\"query-input\":{\"@type\":\"PropertyValueSpecification\",\"valueRequired\":true,\"valueName\":\"search_term_string\"}}],\"inLanguage\":\"fr-FR\"},{\"@type\":\"Organization\",\"@id\":\"https:\\\/\\\/inteacosmetics.com\\\/#organization\",\"name\":\"inteacosmetics\",\"url\":\"https:\\\/\\\/inteacosmetics.com\\\/\",\"logo\":{\"@type\":\"ImageObject\",\"inLanguage\":\"fr-FR\",\"@id\":\"https:\\\/\\\/inteacosmetics.com\\\/#\\\/schema\\\/logo\\\/image\\\/\",\"url\":\"https:\\\/\\\/inteacosmetics.com\\\/wp-content\\\/uploads\\\/2022\\\/12\\\/cropped-logo_intea500x500.jpg\",\"contentUrl\":\"https:\\\/\\\/inteacosmetics.com\\\/wp-content\\\/uploads\\\/2022\\\/12\\\/cropped-logo_intea500x500.jpg\",\"width\":500,\"height\":500,\"caption\":\"inteacosmetics\"},\"image\":{\"@id\":\"https:\\\/\\\/inteacosmetics.com\\\/#\\\/schema\\\/logo\\\/image\\\/\"},\"sameAs\":[\"https:\\\/\\\/inteacosmetics.com\\\/facebook.com\\\/inteacosmetics\",\"https:\\\/\\\/x.com\\\/InteaCosmetics\",\"https:\\\/\\\/instagram.com\\\/intea_spain\"]}]}<\/script>\n<!-- \/ Yoast SEO plugin. -->","yoast_head_json":{"title":"Comment dissimuler les poils et \u00e9viter l'\u00e9pilation - inteacosmetics","description":"Comment soigner et entretenir tous les cheveux blonds naturels, teints, m\u00e9ch\u00e9s, d\u00e9color\u00e9s, trait\u00e9s, etc.","robots":{"index":"index","follow":"follow","max-snippet":"max-snippet:-1","max-image-preview":"max-image-preview:large","max-video-preview":"max-video-preview:-1"},"canonical":"https:\/\/inteacosmetics.com\/fr\/comment-eclaircir-les-cheveux-et-les-dissimuler\/","og_locale":"fr_FR","og_type":"article","og_title":"C\u00f3mo disimular el vello y evitar depilaciones - inteacosmetics","og_description":"Como cuidar y mantener todos los cabellos rubios naturales, te\u00f1idos, con mechas, aclarados, con tratamiento, etc","og_url":"https:\/\/inteacosmetics.com\/fr\/comment-eclaircir-les-cheveux-et-les-dissimuler\/","og_site_name":"inteacosmetics","article_publisher":"https:\/\/inteacosmetics.com\/facebook.com\/inteacosmetics","article_modified_time":"2025-02-12T12:52:34+00:00","og_image":[{"url":"https:\/\/inteacosmetics.com\/wp-content\/uploads\/2023\/05\/LCCV_FLASH.jpg","type":"","width":"","height":""}],"twitter_card":"summary_large_image","twitter_site":"@InteaCosmetics","twitter_misc":{"Dur\u00e9e de lecture estim\u00e9e":"4 minutes"},"schema":{"@context":"https:\/\/schema.org","@graph":[{"@type":"WebPage","@id":"https:\/\/inteacosmetics.com\/como-aclarar-el-vello-y-disimularlo\/","url":"https:\/\/inteacosmetics.com\/como-aclarar-el-vello-y-disimularlo\/","name":"Comment dissimuler les poils et \u00e9viter l'\u00e9pilation - inteacosmetics","isPartOf":{"@id":"https:\/\/inteacosmetics.com\/#website"},"primaryImageOfPage":{"@id":"https:\/\/inteacosmetics.com\/como-aclarar-el-vello-y-disimularlo\/#primaryimage"},"image":{"@id":"https:\/\/inteacosmetics.com\/como-aclarar-el-vello-y-disimularlo\/#primaryimage"},"thumbnailUrl":"https:\/\/inteacosmetics.com\/wp-content\/uploads\/2023\/05\/LCCV_FLASH.jpg","datePublished":"2023-03-13T10:16:47+00:00","dateModified":"2025-02-12T12:52:34+00:00","description":"Comment soigner et entretenir tous les cheveux blonds naturels, teints, m\u00e9ch\u00e9s, d\u00e9color\u00e9s, trait\u00e9s, etc.","breadcrumb":{"@id":"https:\/\/inteacosmetics.com\/como-aclarar-el-vello-y-disimularlo\/#breadcrumb"},"inLanguage":"fr-FR","potentialAction":[{"@type":"ReadAction","target":["https:\/\/inteacosmetics.com\/como-aclarar-el-vello-y-disimularlo\/"]}]},{"@type":"ImageObject","inLanguage":"fr-FR","@id":"https:\/\/inteacosmetics.com\/como-aclarar-el-vello-y-disimularlo\/#primaryimage","url":"https:\/\/inteacosmetics.com\/wp-content\/uploads\/2023\/05\/LCCV_FLASH.jpg","contentUrl":"https:\/\/inteacosmetics.com\/wp-content\/uploads\/2023\/05\/LCCV_FLASH.jpg"},{"@type":"BreadcrumbList","@id":"https:\/\/inteacosmetics.com\/como-aclarar-el-vello-y-disimularlo\/#breadcrumb","itemListElement":[{"@type":"ListItem","position":1,"name":"Portada","item":"https:\/\/inteacosmetics.com\/"},{"@type":"ListItem","position":2,"name":"C\u00f3mo disimular el vello y evitar depilaciones"}]},{"@type":"WebSite","@id":"https:\/\/inteacosmetics.com\/#website","url":"https:\/\/inteacosmetics.com\/","name":"inteacosmetics","description":"","publisher":{"@id":"https:\/\/inteacosmetics.com\/#organization"},"potentialAction":[{"@type":"SearchAction","target":{"@type":"EntryPoint","urlTemplate":"https:\/\/inteacosmetics.com\/?s={search_term_string}"},"query-input":{"@type":"PropertyValueSpecification","valueRequired":true,"valueName":"search_term_string"}}],"inLanguage":"fr-FR"},{"@type":"Organization","@id":"https:\/\/inteacosmetics.com\/#organization","name":"inteacosmetics","url":"https:\/\/inteacosmetics.com\/","logo":{"@type":"ImageObject","inLanguage":"fr-FR","@id":"https:\/\/inteacosmetics.com\/#\/schema\/logo\/image\/","url":"https:\/\/inteacosmetics.com\/wp-content\/uploads\/2022\/12\/cropped-logo_intea500x500.jpg","contentUrl":"https:\/\/inteacosmetics.com\/wp-content\/uploads\/2022\/12\/cropped-logo_intea500x500.jpg","width":500,"height":500,"caption":"inteacosmetics"},"image":{"@id":"https:\/\/inteacosmetics.com\/#\/schema\/logo\/image\/"},"sameAs":["https:\/\/inteacosmetics.com\/facebook.com\/inteacosmetics","https:\/\/x.com\/InteaCosmetics","https:\/\/instagram.com\/intea_spain"]}]}},"_links":{"self":[{"href":"https:\/\/inteacosmetics.com\/fr\/wp-json\/wp\/v2\/pages\/456","targetHints":{"allow":["GET"]}}],"collection":[{"href":"https:\/\/inteacosmetics.com\/fr\/wp-json\/wp\/v2\/pages"}],"about":[{"href":"https:\/\/inteacosmetics.com\/fr\/wp-json\/wp\/v2\/types\/page"}],"author":[{"embeddable":true,"href":"https:\/\/inteacosmetics.com\/fr\/wp-json\/wp\/v2\/users\/1"}],"replies":[{"embeddable":true,"href":"https:\/\/inteacosmetics.com\/fr\/wp-json\/wp\/v2\/comments?post=456"}],"version-history":[{"count":68,"href":"https:\/\/inteacosmetics.com\/fr\/wp-json\/wp\/v2\/pages\/456\/revisions"}],"predecessor-version":[{"id":1278,"href":"https:\/\/inteacosmetics.com\/fr\/wp-json\/wp\/v2\/pages\/456\/revisions\/1278"}],"wp:attachment":[{"href":"https:\/\/inteacosmetics.com\/fr\/wp-json\/wp\/v2\/media?parent=456"}],"curies":[{"name":"wp","href":"https:\/\/api.w.org\/{rel}","templated":true}]}}