{"id":905,"date":"2023-06-22T09:46:11","date_gmt":"2023-06-22T09:46:11","guid":{"rendered":"https:\/\/inteacosmetics.com\/?page_id=905"},"modified":"2023-06-22T09:51:45","modified_gmt":"2023-06-22T09:51:45","slug":"quality-policy","status":"publish","type":"page","link":"https:\/\/inteacosmetics.com\/en\/quality-policy\/","title":{"rendered":"Quality policy"},"content":{"rendered":"<p><strong>DUARTE Y BELTR\u00c1N, S.A.<\/strong>\u00a0is a family company founded in 1979, the continuation of the individual company INTEA P. BELTR\u00c1N which, since 1915, has specialised in the creation and development of cosmetic products made with high quality natural components, and is currently the owner of the INTEA<sup>\u00ae<\/sup>.<\/p>\n\n\n\n<div style=\"height:25px\" aria-hidden=\"true\" class=\"wp-block-spacer\"><\/div>\n\n\n\n<p>Our company is characterised by a constant search for improvement of the product we offer to our customers. For this reason, the point of view of our customers and end consumers must be known throughout the company and must be measured in order to be able to assess their degree of satisfaction.<\/p>\n\n\n\n<div style=\"height:25px\" aria-hidden=\"true\" class=\"wp-block-spacer\"><\/div>\n\n\n\n<p><\/p>\n\n\n\n<p>The competitiveness of\u00a0<strong>DUARTE Y BELTR\u00c1N, S.A.<\/strong>\u00a0is absolutely necessary for our permanence in the market and for this reason the Quality Management System implemented, according to the UNE EN ISO 9001:2015 standard, must be aimed at achieving the satisfaction of customers, end consumers and employees. At the same time, it must allow the global optimisation of the company's resources, meeting all the requirements determined by the client, establishing competitive prices, providing an optimum product and faithfully complying with delivery deadlines.<\/p>\n\n\n\n<div style=\"height:25px\" aria-hidden=\"true\" class=\"wp-block-spacer\"><\/div>\n\n\n\n<p><\/p>\n\n\n\n<p><strong>DUARTE Y BELTR\u00c1N, S.A.<\/strong>\u00a0is committed to the path of continuous improvement by integrating the cycle of Planning, Execution, Verification and Analysis into the Quality Management System, in order to do things right, the first time and with the right quality.<\/p>\n\n\n\n<div style=\"height:25px\" aria-hidden=\"true\" class=\"wp-block-spacer\"><\/div>\n\n\n\n<p><\/p>\n\n\n\n<p>Quality is manufactured at every work station in the company, from the sales staff who gather the needs of the Client, to the personnel who process, prepare and dispatch orders, which means that the collaboration and commitment of all the members of the company is necessary to satisfy this Quality Policy.<\/p>\n\n\n\n<div style=\"height:25px\" aria-hidden=\"true\" class=\"wp-block-spacer\"><\/div>\n\n\n\n<p><\/p>\n\n\n\n<p>The task of quality improvement is first and foremost a management responsibility and therefore the management is committed to:<\/p>\n\n\n\n<p>- Establish annually quantifiable objectives derived from this Quality Policy.<\/p>\n\n\n\n<p>- Providing the necessary human, technical and material resources, as well as adequate training for staff to carry out their tasks with the required levels of quality.<\/p>\n\n\n\n<p>- Ensure the implementation, compliance and effectiveness of this Policy, making it known to all members of the company, as well as to its suppliers, collaborators and the general public, ensuring that it is understood and reviewing it annually to check its suitability for our company's purpose.<\/p>\n\n\n\n<div style=\"height:25px\" aria-hidden=\"true\" class=\"wp-block-spacer\"><\/div>\n\n\n\n<div style=\"height:73px\" aria-hidden=\"true\" class=\"wp-block-spacer\"><\/div>\n\n\n\n<p class=\"has-text-align-right\"><strong>Jos\u00e9 Ignacio Beltr\u00e1n Pi\u00f1eiro<\/strong><\/p>\n\n\n\n<p class=\"has-text-align-right\">Managing Director<\/p>\n\n\n\n<p class=\"has-text-align-right\">In Santander, 11 September, 2007<\/p>","protected":false},"excerpt":{"rendered":"<p>DUARTE Y BELTR\u00c1N, S.A. is a family company founded in 1979, the continuation of the individual company INTEA P. BELTR\u00c1N which, since 1915, has specialised in the creation and development of cosmetic products made with high quality natural components, and is currently the owner of the INTEA\u00ae brands and patents. Our company is characterised by a constant search for the improvement of the product we offer to our customers. For this reason, the point of view of our customers and end consumers must be known throughout the company and must be measured in order to be able to evaluate their degree of satisfaction. The competitiveness of DUARTE Y<\/p>","protected":false},"author":1,"featured_media":0,"parent":0,"menu_order":0,"comment_status":"closed","ping_status":"closed","template":"","meta":{"footnotes":""},"class_list":["post-905","page","type-page","status-publish","hentry"],"yoast_head":"<!-- This site is optimized with the Yoast SEO plugin v27.4 - https:\/\/yoast.com\/product\/yoast-seo-wordpress\/ -->\n<title>Pol\u00edtica de calidad - inteacosmetics<\/title>\n<meta name=\"robots\" content=\"index, follow, max-snippet:-1, max-image-preview:large, max-video-preview:-1\" \/>\n<link rel=\"canonical\" href=\"https:\/\/inteacosmetics.com\/en\/quality-policy\/\" \/>\n<meta property=\"og:locale\" content=\"en_GB\" \/>\n<meta property=\"og:type\" content=\"article\" \/>\n<meta property=\"og:title\" content=\"Pol\u00edtica de calidad - inteacosmetics\" \/>\n<meta property=\"og:description\" content=\"DUARTE Y BELTR\u00c1N, S.A.\u00a0es una compa\u00f1\u00eda familiar fundada en el a\u00f1o 1.979, continuadora de la empresa individual INTEA P. BELTR\u00c1N que, desde 1.915, se ha especializado en la creaci\u00f3n y desarrollo de productos cosm\u00e9ticos elaborados con componentes naturales de alta calidad, siendo actualmente propietaria de las marcas y patentes INTEA\u00ae. Nuestra empresa se caracteriza por una constante b\u00fasqueda de la mejora del producto que ofrecemos a nuestros clientes. Por ello, el punto de vista de nuestros clientes y consumidores finales debe conocerse en toda la empresa y debe medirse para poder evaluar su grado de satisfacci\u00f3n. La competitividad de\u00a0DUARTE Y\" \/>\n<meta property=\"og:url\" content=\"https:\/\/inteacosmetics.com\/en\/quality-policy\/\" \/>\n<meta property=\"og:site_name\" content=\"inteacosmetics\" \/>\n<meta property=\"article:publisher\" content=\"https:\/\/inteacosmetics.com\/facebook.com\/inteacosmetics\" \/>\n<meta property=\"article:modified_time\" content=\"2023-06-22T09:51:45+00:00\" \/>\n<meta property=\"og:image\" content=\"https:\/\/inteacosmetics.com\/wp-content\/uploads\/2022\/12\/cropped-logo_intea500x500.jpg\" \/>\n\t<meta property=\"og:image:width\" content=\"500\" \/>\n\t<meta property=\"og:image:height\" content=\"500\" \/>\n\t<meta property=\"og:image:type\" content=\"image\/jpeg\" \/>\n<meta name=\"twitter:card\" content=\"summary_large_image\" \/>\n<meta name=\"twitter:site\" content=\"@InteaCosmetics\" \/>\n<meta name=\"twitter:label1\" content=\"Estimated reading time\" \/>\n\t<meta name=\"twitter:data1\" content=\"2 minutes\" \/>\n<script type=\"application\/ld+json\" class=\"yoast-schema-graph\">{\"@context\":\"https:\\\/\\\/schema.org\",\"@graph\":[{\"@type\":\"WebPage\",\"@id\":\"https:\\\/\\\/inteacosmetics.com\\\/politica-de-calidad\\\/\",\"url\":\"https:\\\/\\\/inteacosmetics.com\\\/politica-de-calidad\\\/\",\"name\":\"Pol\u00edtica de calidad - inteacosmetics\",\"isPartOf\":{\"@id\":\"https:\\\/\\\/inteacosmetics.com\\\/#website\"},\"datePublished\":\"2023-06-22T09:46:11+00:00\",\"dateModified\":\"2023-06-22T09:51:45+00:00\",\"breadcrumb\":{\"@id\":\"https:\\\/\\\/inteacosmetics.com\\\/politica-de-calidad\\\/#breadcrumb\"},\"inLanguage\":\"en-GB\",\"potentialAction\":[{\"@type\":\"ReadAction\",\"target\":[\"https:\\\/\\\/inteacosmetics.com\\\/politica-de-calidad\\\/\"]}]},{\"@type\":\"BreadcrumbList\",\"@id\":\"https:\\\/\\\/inteacosmetics.com\\\/politica-de-calidad\\\/#breadcrumb\",\"itemListElement\":[{\"@type\":\"ListItem\",\"position\":1,\"name\":\"Portada\",\"item\":\"https:\\\/\\\/inteacosmetics.com\\\/\"},{\"@type\":\"ListItem\",\"position\":2,\"name\":\"Pol\u00edtica de calidad\"}]},{\"@type\":\"WebSite\",\"@id\":\"https:\\\/\\\/inteacosmetics.com\\\/#website\",\"url\":\"https:\\\/\\\/inteacosmetics.com\\\/\",\"name\":\"inteacosmetics\",\"description\":\"\",\"publisher\":{\"@id\":\"https:\\\/\\\/inteacosmetics.com\\\/#organization\"},\"potentialAction\":[{\"@type\":\"SearchAction\",\"target\":{\"@type\":\"EntryPoint\",\"urlTemplate\":\"https:\\\/\\\/inteacosmetics.com\\\/?s={search_term_string}\"},\"query-input\":{\"@type\":\"PropertyValueSpecification\",\"valueRequired\":true,\"valueName\":\"search_term_string\"}}],\"inLanguage\":\"en-GB\"},{\"@type\":\"Organization\",\"@id\":\"https:\\\/\\\/inteacosmetics.com\\\/#organization\",\"name\":\"inteacosmetics\",\"url\":\"https:\\\/\\\/inteacosmetics.com\\\/\",\"logo\":{\"@type\":\"ImageObject\",\"inLanguage\":\"en-GB\",\"@id\":\"https:\\\/\\\/inteacosmetics.com\\\/#\\\/schema\\\/logo\\\/image\\\/\",\"url\":\"https:\\\/\\\/inteacosmetics.com\\\/wp-content\\\/uploads\\\/2022\\\/12\\\/cropped-logo_intea500x500.jpg\",\"contentUrl\":\"https:\\\/\\\/inteacosmetics.com\\\/wp-content\\\/uploads\\\/2022\\\/12\\\/cropped-logo_intea500x500.jpg\",\"width\":500,\"height\":500,\"caption\":\"inteacosmetics\"},\"image\":{\"@id\":\"https:\\\/\\\/inteacosmetics.com\\\/#\\\/schema\\\/logo\\\/image\\\/\"},\"sameAs\":[\"https:\\\/\\\/inteacosmetics.com\\\/facebook.com\\\/inteacosmetics\",\"https:\\\/\\\/x.com\\\/InteaCosmetics\",\"https:\\\/\\\/instagram.com\\\/intea_spain\"]}]}<\/script>\n<!-- \/ Yoast SEO plugin. -->","yoast_head_json":{"title":"Quality policy - inteacosmetics","robots":{"index":"index","follow":"follow","max-snippet":"max-snippet:-1","max-image-preview":"max-image-preview:large","max-video-preview":"max-video-preview:-1"},"canonical":"https:\/\/inteacosmetics.com\/en\/quality-policy\/","og_locale":"en_GB","og_type":"article","og_title":"Pol\u00edtica de calidad - inteacosmetics","og_description":"DUARTE Y BELTR\u00c1N, S.A.\u00a0es una compa\u00f1\u00eda familiar fundada en el a\u00f1o 1.979, continuadora de la empresa individual INTEA P. BELTR\u00c1N que, desde 1.915, se ha especializado en la creaci\u00f3n y desarrollo de productos cosm\u00e9ticos elaborados con componentes naturales de alta calidad, siendo actualmente propietaria de las marcas y patentes INTEA\u00ae. Nuestra empresa se caracteriza por una constante b\u00fasqueda de la mejora del producto que ofrecemos a nuestros clientes. Por ello, el punto de vista de nuestros clientes y consumidores finales debe conocerse en toda la empresa y debe medirse para poder evaluar su grado de satisfacci\u00f3n. La competitividad de\u00a0DUARTE Y","og_url":"https:\/\/inteacosmetics.com\/en\/quality-policy\/","og_site_name":"inteacosmetics","article_publisher":"https:\/\/inteacosmetics.com\/facebook.com\/inteacosmetics","article_modified_time":"2023-06-22T09:51:45+00:00","og_image":[{"width":500,"height":500,"url":"https:\/\/inteacosmetics.com\/wp-content\/uploads\/2022\/12\/cropped-logo_intea500x500.jpg","type":"image\/jpeg"}],"twitter_card":"summary_large_image","twitter_site":"@InteaCosmetics","twitter_misc":{"Estimated reading time":"2 minutes"},"schema":{"@context":"https:\/\/schema.org","@graph":[{"@type":"WebPage","@id":"https:\/\/inteacosmetics.com\/politica-de-calidad\/","url":"https:\/\/inteacosmetics.com\/politica-de-calidad\/","name":"Quality policy - inteacosmetics","isPartOf":{"@id":"https:\/\/inteacosmetics.com\/#website"},"datePublished":"2023-06-22T09:46:11+00:00","dateModified":"2023-06-22T09:51:45+00:00","breadcrumb":{"@id":"https:\/\/inteacosmetics.com\/politica-de-calidad\/#breadcrumb"},"inLanguage":"en-GB","potentialAction":[{"@type":"ReadAction","target":["https:\/\/inteacosmetics.com\/politica-de-calidad\/"]}]},{"@type":"BreadcrumbList","@id":"https:\/\/inteacosmetics.com\/politica-de-calidad\/#breadcrumb","itemListElement":[{"@type":"ListItem","position":1,"name":"Portada","item":"https:\/\/inteacosmetics.com\/"},{"@type":"ListItem","position":2,"name":"Pol\u00edtica de calidad"}]},{"@type":"WebSite","@id":"https:\/\/inteacosmetics.com\/#website","url":"https:\/\/inteacosmetics.com\/","name":"inteacosmetics","description":"","publisher":{"@id":"https:\/\/inteacosmetics.com\/#organization"},"potentialAction":[{"@type":"SearchAction","target":{"@type":"EntryPoint","urlTemplate":"https:\/\/inteacosmetics.com\/?s={search_term_string}"},"query-input":{"@type":"PropertyValueSpecification","valueRequired":true,"valueName":"search_term_string"}}],"inLanguage":"en-GB"},{"@type":"Organization","@id":"https:\/\/inteacosmetics.com\/#organization","name":"inteacosmetics","url":"https:\/\/inteacosmetics.com\/","logo":{"@type":"ImageObject","inLanguage":"en-GB","@id":"https:\/\/inteacosmetics.com\/#\/schema\/logo\/image\/","url":"https:\/\/inteacosmetics.com\/wp-content\/uploads\/2022\/12\/cropped-logo_intea500x500.jpg","contentUrl":"https:\/\/inteacosmetics.com\/wp-content\/uploads\/2022\/12\/cropped-logo_intea500x500.jpg","width":500,"height":500,"caption":"inteacosmetics"},"image":{"@id":"https:\/\/inteacosmetics.com\/#\/schema\/logo\/image\/"},"sameAs":["https:\/\/inteacosmetics.com\/facebook.com\/inteacosmetics","https:\/\/x.com\/InteaCosmetics","https:\/\/instagram.com\/intea_spain"]}]}},"_links":{"self":[{"href":"https:\/\/inteacosmetics.com\/en\/wp-json\/wp\/v2\/pages\/905","targetHints":{"allow":["GET"]}}],"collection":[{"href":"https:\/\/inteacosmetics.com\/en\/wp-json\/wp\/v2\/pages"}],"about":[{"href":"https:\/\/inteacosmetics.com\/en\/wp-json\/wp\/v2\/types\/page"}],"author":[{"embeddable":true,"href":"https:\/\/inteacosmetics.com\/en\/wp-json\/wp\/v2\/users\/1"}],"replies":[{"embeddable":true,"href":"https:\/\/inteacosmetics.com\/en\/wp-json\/wp\/v2\/comments?post=905"}],"version-history":[{"count":5,"href":"https:\/\/inteacosmetics.com\/en\/wp-json\/wp\/v2\/pages\/905\/revisions"}],"predecessor-version":[{"id":914,"href":"https:\/\/inteacosmetics.com\/en\/wp-json\/wp\/v2\/pages\/905\/revisions\/914"}],"wp:attachment":[{"href":"https:\/\/inteacosmetics.com\/en\/wp-json\/wp\/v2\/media?parent=905"}],"curies":[{"name":"wp","href":"https:\/\/api.w.org\/{rel}","templated":true}]}}