{"id":905,"date":"2023-06-22T09:46:11","date_gmt":"2023-06-22T09:46:11","guid":{"rendered":"https:\/\/inteacosmetics.com\/?page_id=905"},"modified":"2023-06-22T09:51:45","modified_gmt":"2023-06-22T09:51:45","slug":"qualitatspolitik","status":"publish","type":"page","link":"https:\/\/inteacosmetics.com\/de\/qualitatspolitik\/","title":{"rendered":"Qualit\u00e4tspolitik"},"content":{"rendered":"<p><strong>DUARTE Y BELTR\u00c1N, S.A.<\/strong>\u00a0ist ein 1979 gegr\u00fcndetes Familienunternehmen, das aus dem Einzelunternehmen INTEA P. BELTR\u00c1N hervorgegangen ist, das sich seit 1915 auf die Kreation und Entwicklung von Kosmetikprodukten mit hochwertigen nat\u00fcrlichen Inhaltsstoffen spezialisiert hat und derzeit die Marken und Patente von INTEA besitzt.<sup>\u00ae<\/sup>.<\/p>\n\n\n\n<div style=\"height:25px\" aria-hidden=\"true\" class=\"wp-block-spacer\"><\/div>\n\n\n\n<p>Unser Unternehmen zeichnet sich durch ein st\u00e4ndiges Streben nach Verbesserung der Produkte aus, die wir unseren Kunden anbieten. Aus diesem Grund muss die Sichtweise unserer Kunden und Endverbraucher im gesamten Unternehmen bekannt sein und gemessen werden, um ihren Zufriedenheitsgrad beurteilen zu k\u00f6nnen.<\/p>\n\n\n\n<div style=\"height:25px\" aria-hidden=\"true\" class=\"wp-block-spacer\"><\/div>\n\n\n\n<p><\/p>\n\n\n\n<p>Die Wettbewerbsf\u00e4higkeit der\u00a0<strong>DUARTE Y BELTR\u00c1N, S.A.<\/strong>\u00a0ist f\u00fcr unser Fortbestehen auf dem Markt absolut notwendig. Aus diesem Grund muss das eingef\u00fchrte Qualit\u00e4tsmanagementsystem gem\u00e4\u00df der Norm UNE EN ISO 9001:2015 darauf ausgerichtet sein, die Zufriedenheit der Kunden, der Endverbraucher und der Mitarbeiter zu erreichen. Gleichzeitig muss es die globale Optimierung der Unternehmensressourcen erm\u00f6glichen, indem es alle vom Kunden festgelegten Anforderungen erf\u00fcllt, wettbewerbsf\u00e4hige Preise festlegt, ein optimales Produkt liefert und die Lieferfristen genau einh\u00e4lt.<\/p>\n\n\n\n<div style=\"height:25px\" aria-hidden=\"true\" class=\"wp-block-spacer\"><\/div>\n\n\n\n<p><\/p>\n\n\n\n<p><strong>DUARTE Y BELTR\u00c1N, S.A.<\/strong>\u00a0hat sich dem Weg der kontinuierlichen Verbesserung verschrieben, indem es den Zyklus von Planung, Ausf\u00fchrung, \u00dcberpr\u00fcfung und Analyse in das Qualit\u00e4tsmanagementsystem integriert, um die Dinge beim ersten Mal richtig und mit der richtigen Qualit\u00e4t zu machen.<\/p>\n\n\n\n<div style=\"height:25px\" aria-hidden=\"true\" class=\"wp-block-spacer\"><\/div>\n\n\n\n<p><\/p>\n\n\n\n<p>Die Qualit\u00e4t wird an jedem Arbeitsplatz im Unternehmen hergestellt, vom Verkaufspersonal, das die Bed\u00fcrfnisse des Kunden erfasst, bis hin zum Personal, das die Auftr\u00e4ge bearbeitet, vorbereitet und versendet, was bedeutet, dass die Zusammenarbeit und das Engagement aller Mitglieder des Unternehmens notwendig ist, um diese Qualit\u00e4tspolitik zu erf\u00fcllen.<\/p>\n\n\n\n<div style=\"height:25px\" aria-hidden=\"true\" class=\"wp-block-spacer\"><\/div>\n\n\n\n<p><\/p>\n\n\n\n<p>Die Aufgabe der Qualit\u00e4tsverbesserung ist in erster Linie eine F\u00fchrungsaufgabe, zu der sich das Management verpflichtet hat:<\/p>\n\n\n\n<p>- J\u00e4hrliche Festlegung quantifizierbarer Ziele, die sich aus dieser Qualit\u00e4tspolitik ableiten.<\/p>\n\n\n\n<p>- Bereitstellung der erforderlichen personellen, technischen und materiellen Ressourcen sowie einer angemessenen Ausbildung des Personals, damit dieses seine Aufgaben in der erforderlichen Qualit\u00e4t erf\u00fcllen kann.<\/p>\n\n\n\n<p>- Sicherstellung der Umsetzung, Einhaltung und Wirksamkeit dieser Politik, indem sie allen Mitgliedern des Unternehmens sowie den Zulieferern, Mitarbeitern und der \u00d6ffentlichkeit bekannt gemacht wird, um sicherzustellen, dass sie verstanden wird, und sie j\u00e4hrlich zu \u00fcberpr\u00fcfen, ob sie f\u00fcr die Zwecke unseres Unternehmens geeignet ist.<\/p>\n\n\n\n<div style=\"height:25px\" aria-hidden=\"true\" class=\"wp-block-spacer\"><\/div>\n\n\n\n<div style=\"height:73px\" aria-hidden=\"true\" class=\"wp-block-spacer\"><\/div>\n\n\n\n<p class=\"has-text-align-right\"><strong>Jos\u00e9 Ignacio Beltr\u00e1n Pi\u00f1eiro<\/strong><\/p>\n\n\n\n<p class=\"has-text-align-right\">Gesch\u00e4ftsf\u00fchrender Direktor<\/p>\n\n\n\n<p class=\"has-text-align-right\">In Santander, 11. September, 2007<\/p>","protected":false},"excerpt":{"rendered":"<p>DUARTE Y BELTR\u00c1N, S.A. ist ein 1979 gegr\u00fcndetes Familienunternehmen, das aus dem Einzelunternehmen INTEA P. BELTR\u00c1N hervorgegangen ist, das sich seit 1915 auf die Herstellung und Entwicklung von kosmetischen Produkten mit hochwertigen nat\u00fcrlichen Bestandteilen spezialisiert hat und derzeit Inhaber der Marken und Patente von INTEA\u00ae ist. Unser Unternehmen zeichnet sich durch eine st\u00e4ndige Suche nach der Verbesserung der Produkte aus, die wir unseren Kunden anbieten. Daher muss die Sichtweise unserer Kunden und Endverbraucher im gesamten Unternehmen bekannt sein und gemessen werden, um ihren Zufriedenheitsgrad bewerten zu k\u00f6nnen. Die Wettbewerbsf\u00e4higkeit von DUARTE Y<\/p>","protected":false},"author":1,"featured_media":0,"parent":0,"menu_order":0,"comment_status":"closed","ping_status":"closed","template":"","meta":{"footnotes":""},"class_list":["post-905","page","type-page","status-publish","hentry"],"yoast_head":"<!-- This site is optimized with the Yoast SEO plugin v27.4 - https:\/\/yoast.com\/product\/yoast-seo-wordpress\/ -->\n<title>Pol\u00edtica de calidad - inteacosmetics<\/title>\n<meta name=\"robots\" content=\"index, follow, max-snippet:-1, max-image-preview:large, max-video-preview:-1\" \/>\n<link rel=\"canonical\" href=\"https:\/\/inteacosmetics.com\/de\/qualitatspolitik\/\" \/>\n<meta property=\"og:locale\" content=\"de_DE\" \/>\n<meta property=\"og:type\" content=\"article\" \/>\n<meta property=\"og:title\" content=\"Pol\u00edtica de calidad - inteacosmetics\" \/>\n<meta property=\"og:description\" content=\"DUARTE Y BELTR\u00c1N, S.A.\u00a0es una compa\u00f1\u00eda familiar fundada en el a\u00f1o 1.979, continuadora de la empresa individual INTEA P. BELTR\u00c1N que, desde 1.915, se ha especializado en la creaci\u00f3n y desarrollo de productos cosm\u00e9ticos elaborados con componentes naturales de alta calidad, siendo actualmente propietaria de las marcas y patentes INTEA\u00ae. Nuestra empresa se caracteriza por una constante b\u00fasqueda de la mejora del producto que ofrecemos a nuestros clientes. Por ello, el punto de vista de nuestros clientes y consumidores finales debe conocerse en toda la empresa y debe medirse para poder evaluar su grado de satisfacci\u00f3n. La competitividad de\u00a0DUARTE Y\" \/>\n<meta property=\"og:url\" content=\"https:\/\/inteacosmetics.com\/de\/qualitatspolitik\/\" \/>\n<meta property=\"og:site_name\" content=\"inteacosmetics\" \/>\n<meta property=\"article:publisher\" content=\"https:\/\/inteacosmetics.com\/facebook.com\/inteacosmetics\" \/>\n<meta property=\"article:modified_time\" content=\"2023-06-22T09:51:45+00:00\" \/>\n<meta property=\"og:image\" content=\"https:\/\/inteacosmetics.com\/wp-content\/uploads\/2022\/12\/cropped-logo_intea500x500.jpg\" \/>\n\t<meta property=\"og:image:width\" content=\"500\" \/>\n\t<meta property=\"og:image:height\" content=\"500\" \/>\n\t<meta property=\"og:image:type\" content=\"image\/jpeg\" \/>\n<meta name=\"twitter:card\" content=\"summary_large_image\" \/>\n<meta name=\"twitter:site\" content=\"@InteaCosmetics\" \/>\n<meta name=\"twitter:label1\" content=\"Gesch\u00e4tzte Lesezeit\" \/>\n\t<meta name=\"twitter:data1\" content=\"2\u00a0Minuten\" \/>\n<script type=\"application\/ld+json\" class=\"yoast-schema-graph\">{\"@context\":\"https:\\\/\\\/schema.org\",\"@graph\":[{\"@type\":\"WebPage\",\"@id\":\"https:\\\/\\\/inteacosmetics.com\\\/politica-de-calidad\\\/\",\"url\":\"https:\\\/\\\/inteacosmetics.com\\\/politica-de-calidad\\\/\",\"name\":\"Pol\u00edtica de calidad - inteacosmetics\",\"isPartOf\":{\"@id\":\"https:\\\/\\\/inteacosmetics.com\\\/#website\"},\"datePublished\":\"2023-06-22T09:46:11+00:00\",\"dateModified\":\"2023-06-22T09:51:45+00:00\",\"breadcrumb\":{\"@id\":\"https:\\\/\\\/inteacosmetics.com\\\/politica-de-calidad\\\/#breadcrumb\"},\"inLanguage\":\"de\",\"potentialAction\":[{\"@type\":\"ReadAction\",\"target\":[\"https:\\\/\\\/inteacosmetics.com\\\/politica-de-calidad\\\/\"]}]},{\"@type\":\"BreadcrumbList\",\"@id\":\"https:\\\/\\\/inteacosmetics.com\\\/politica-de-calidad\\\/#breadcrumb\",\"itemListElement\":[{\"@type\":\"ListItem\",\"position\":1,\"name\":\"Portada\",\"item\":\"https:\\\/\\\/inteacosmetics.com\\\/\"},{\"@type\":\"ListItem\",\"position\":2,\"name\":\"Pol\u00edtica de calidad\"}]},{\"@type\":\"WebSite\",\"@id\":\"https:\\\/\\\/inteacosmetics.com\\\/#website\",\"url\":\"https:\\\/\\\/inteacosmetics.com\\\/\",\"name\":\"inteacosmetics\",\"description\":\"\",\"publisher\":{\"@id\":\"https:\\\/\\\/inteacosmetics.com\\\/#organization\"},\"potentialAction\":[{\"@type\":\"SearchAction\",\"target\":{\"@type\":\"EntryPoint\",\"urlTemplate\":\"https:\\\/\\\/inteacosmetics.com\\\/?s={search_term_string}\"},\"query-input\":{\"@type\":\"PropertyValueSpecification\",\"valueRequired\":true,\"valueName\":\"search_term_string\"}}],\"inLanguage\":\"de\"},{\"@type\":\"Organization\",\"@id\":\"https:\\\/\\\/inteacosmetics.com\\\/#organization\",\"name\":\"inteacosmetics\",\"url\":\"https:\\\/\\\/inteacosmetics.com\\\/\",\"logo\":{\"@type\":\"ImageObject\",\"inLanguage\":\"de\",\"@id\":\"https:\\\/\\\/inteacosmetics.com\\\/#\\\/schema\\\/logo\\\/image\\\/\",\"url\":\"https:\\\/\\\/inteacosmetics.com\\\/wp-content\\\/uploads\\\/2022\\\/12\\\/cropped-logo_intea500x500.jpg\",\"contentUrl\":\"https:\\\/\\\/inteacosmetics.com\\\/wp-content\\\/uploads\\\/2022\\\/12\\\/cropped-logo_intea500x500.jpg\",\"width\":500,\"height\":500,\"caption\":\"inteacosmetics\"},\"image\":{\"@id\":\"https:\\\/\\\/inteacosmetics.com\\\/#\\\/schema\\\/logo\\\/image\\\/\"},\"sameAs\":[\"https:\\\/\\\/inteacosmetics.com\\\/facebook.com\\\/inteacosmetics\",\"https:\\\/\\\/x.com\\\/InteaCosmetics\",\"https:\\\/\\\/instagram.com\\\/intea_spain\"]}]}<\/script>\n<!-- \/ Yoast SEO plugin. -->","yoast_head_json":{"title":"Qualit\u00e4tspolitik - inteacosmetics","robots":{"index":"index","follow":"follow","max-snippet":"max-snippet:-1","max-image-preview":"max-image-preview:large","max-video-preview":"max-video-preview:-1"},"canonical":"https:\/\/inteacosmetics.com\/de\/qualitatspolitik\/","og_locale":"de_DE","og_type":"article","og_title":"Pol\u00edtica de calidad - inteacosmetics","og_description":"DUARTE Y BELTR\u00c1N, S.A.\u00a0es una compa\u00f1\u00eda familiar fundada en el a\u00f1o 1.979, continuadora de la empresa individual INTEA P. BELTR\u00c1N que, desde 1.915, se ha especializado en la creaci\u00f3n y desarrollo de productos cosm\u00e9ticos elaborados con componentes naturales de alta calidad, siendo actualmente propietaria de las marcas y patentes INTEA\u00ae. Nuestra empresa se caracteriza por una constante b\u00fasqueda de la mejora del producto que ofrecemos a nuestros clientes. Por ello, el punto de vista de nuestros clientes y consumidores finales debe conocerse en toda la empresa y debe medirse para poder evaluar su grado de satisfacci\u00f3n. La competitividad de\u00a0DUARTE Y","og_url":"https:\/\/inteacosmetics.com\/de\/qualitatspolitik\/","og_site_name":"inteacosmetics","article_publisher":"https:\/\/inteacosmetics.com\/facebook.com\/inteacosmetics","article_modified_time":"2023-06-22T09:51:45+00:00","og_image":[{"width":500,"height":500,"url":"https:\/\/inteacosmetics.com\/wp-content\/uploads\/2022\/12\/cropped-logo_intea500x500.jpg","type":"image\/jpeg"}],"twitter_card":"summary_large_image","twitter_site":"@InteaCosmetics","twitter_misc":{"Gesch\u00e4tzte Lesezeit":"2\u00a0Minuten"},"schema":{"@context":"https:\/\/schema.org","@graph":[{"@type":"WebPage","@id":"https:\/\/inteacosmetics.com\/politica-de-calidad\/","url":"https:\/\/inteacosmetics.com\/politica-de-calidad\/","name":"Qualit\u00e4tspolitik - inteacosmetics","isPartOf":{"@id":"https:\/\/inteacosmetics.com\/#website"},"datePublished":"2023-06-22T09:46:11+00:00","dateModified":"2023-06-22T09:51:45+00:00","breadcrumb":{"@id":"https:\/\/inteacosmetics.com\/politica-de-calidad\/#breadcrumb"},"inLanguage":"de","potentialAction":[{"@type":"ReadAction","target":["https:\/\/inteacosmetics.com\/politica-de-calidad\/"]}]},{"@type":"BreadcrumbList","@id":"https:\/\/inteacosmetics.com\/politica-de-calidad\/#breadcrumb","itemListElement":[{"@type":"ListItem","position":1,"name":"Portada","item":"https:\/\/inteacosmetics.com\/"},{"@type":"ListItem","position":2,"name":"Pol\u00edtica de calidad"}]},{"@type":"WebSite","@id":"https:\/\/inteacosmetics.com\/#website","url":"https:\/\/inteacosmetics.com\/","name":"inteacosmetics","description":"","publisher":{"@id":"https:\/\/inteacosmetics.com\/#organization"},"potentialAction":[{"@type":"SearchAction","target":{"@type":"EntryPoint","urlTemplate":"https:\/\/inteacosmetics.com\/?s={search_term_string}"},"query-input":{"@type":"PropertyValueSpecification","valueRequired":true,"valueName":"search_term_string"}}],"inLanguage":"de"},{"@type":"Organization","@id":"https:\/\/inteacosmetics.com\/#organization","name":"inteacosmetics","url":"https:\/\/inteacosmetics.com\/","logo":{"@type":"ImageObject","inLanguage":"de","@id":"https:\/\/inteacosmetics.com\/#\/schema\/logo\/image\/","url":"https:\/\/inteacosmetics.com\/wp-content\/uploads\/2022\/12\/cropped-logo_intea500x500.jpg","contentUrl":"https:\/\/inteacosmetics.com\/wp-content\/uploads\/2022\/12\/cropped-logo_intea500x500.jpg","width":500,"height":500,"caption":"inteacosmetics"},"image":{"@id":"https:\/\/inteacosmetics.com\/#\/schema\/logo\/image\/"},"sameAs":["https:\/\/inteacosmetics.com\/facebook.com\/inteacosmetics","https:\/\/x.com\/InteaCosmetics","https:\/\/instagram.com\/intea_spain"]}]}},"_links":{"self":[{"href":"https:\/\/inteacosmetics.com\/de\/wp-json\/wp\/v2\/pages\/905","targetHints":{"allow":["GET"]}}],"collection":[{"href":"https:\/\/inteacosmetics.com\/de\/wp-json\/wp\/v2\/pages"}],"about":[{"href":"https:\/\/inteacosmetics.com\/de\/wp-json\/wp\/v2\/types\/page"}],"author":[{"embeddable":true,"href":"https:\/\/inteacosmetics.com\/de\/wp-json\/wp\/v2\/users\/1"}],"replies":[{"embeddable":true,"href":"https:\/\/inteacosmetics.com\/de\/wp-json\/wp\/v2\/comments?post=905"}],"version-history":[{"count":5,"href":"https:\/\/inteacosmetics.com\/de\/wp-json\/wp\/v2\/pages\/905\/revisions"}],"predecessor-version":[{"id":914,"href":"https:\/\/inteacosmetics.com\/de\/wp-json\/wp\/v2\/pages\/905\/revisions\/914"}],"wp:attachment":[{"href":"https:\/\/inteacosmetics.com\/de\/wp-json\/wp\/v2\/media?parent=905"}],"curies":[{"name":"wp","href":"https:\/\/api.w.org\/{rel}","templated":true}]}}